{"id":4063,"date":"2022-02-17T12:15:53","date_gmt":"2022-02-17T09:15:53","guid":{"rendered":"https:\/\/dogaparkdis.com\/dr-meltem-gelgin\/"},"modified":"2022-09-08T16:21:12","modified_gmt":"2022-09-08T13:21:12","slug":"dr-meltem-gelgin","status":"publish","type":"page","link":"https:\/\/dogaparkdis.com\/en\/dr-meltem-gelgin\/","title":{"rendered":"Dr. Meltem GELG\u0130N"},"content":{"rendered":"<section id=\"bt_bb_section69e11374cdbcd\" class=\"bt_bb_section bt_bb_color_scheme_6 bt_bb_layout_boxed_1200 bt_bb_vertical_align_top bt_bb_bottom_section_coverage_image bt_bb_section_with_bottom_coverage_image bt_bb_top_spacing_medium btCustomHeadlineSection\" style=\"; --section-primary-color:#ffffff; --section-secondary-color:#cbaf88;\" data-bt-override-class=\"null\"><div class=\"bt_bb_background_image_holder_wrapper\"><div class=\"bt_bb_background_image_holder btLazyLoadBackground bt_bb_parallax\"  data-background_image_src=\"https:\/\/dogaparkdis.com\/wp-content\/uploads\/2020\/05\/bgn-blurb-1.png\" data-parallax=\"0.6\" data-parallax-offset=\"0\" data-parallax-zoom-start=\"1\" data-parallax-zoom-end=\"1\" data-parallax-blur-start=\"0\" data-parallax-blur-end=\"0\" data-parallax-opacity-start=\"1\" data-parallax-opacity-end=\"1\" style=\" background-image: url(&#039;https:\/\/dogaparkdis.com\/wp-content\/plugins\/bold-page-builder\/img\/blank.gif&#039;);\"><\/div><\/div><div class=\"bt_bb_port\"><div class=\"bt_bb_cell\"><div class=\"bt_bb_cell_inner\"><div class=\"bt_bb_row_wrapper\"><div  class=\"bt_bb_row\"  data-bt-override-class=\"{}\"><div  class=\"bt_bb_column col-xxl-12 col-xl-12 bt_bb_vertical_align_bottom bt_bb_align_left bt_bb_padding_normal\"  data-width=\"12\" data-bt-override-class=\"{}\"><div class=\"bt_bb_column_content\"><div class=\"bt_bb_separator bt_bb_border_style_none bt_bb_bottom_spacing_medium\" data-bt-override-class=\"null\"><\/div><header class=\"bt_bb_headline bt_bb_font_weight_bold bt_bb_dash_none bt_bb_size_normal bt_bb_align_center bt_bb_dash_type_none\" data-bt-override-class=\"{&quot;bt_bb_align_&quot;:{&quot;current_class&quot;:&quot;bt_bb_align_center&quot;,&quot;xxl&quot;:&quot;center&quot;,&quot;xl&quot;:&quot;center&quot;}}\"><h1 class=\"bt_bb_headline_tag\"><span class=\"bt_bb_headline_content\"><span><em><s>Dr Meltem Gelgin<\/s><\/em><\/span><\/span><\/h1><\/header><div class=\"bt_bb_separator bt_bb_border_style_none bt_bb_bottom_spacing_large\" data-bt-override-class=\"null\"><\/div><\/div><\/div><\/div><\/div><\/div><!-- cell_inner --><\/div><!-- cell --><\/div><!-- port --><div class=\"bt_bb_section_bottom_section_coverage_image\"><img decoding=\"async\" src=\"https:\/\/dogaparkdis.com\/wp-content\/uploads\/2020\/01\/bottom-cover-2.png\" alt=\"bt_bb_section_bottom_section_coverage_image\" \/><\/div><\/section><section id=\"bt_bb_section69e11374ce1c9\" class=\"bt_bb_section bt_bb_layout_boxed_1200 bt_bb_vertical_align_top bt_bb_top_spacing_small bt_bb_bottom_spacing_normal\"  data-bt-override-class=\"null\"><div class=\"bt_bb_port\"><div class=\"bt_bb_cell\"><div class=\"bt_bb_cell_inner\"><div class=\"bt_bb_row_wrapper\"><div  class=\"bt_bb_row\"  data-bt-override-class=\"{}\"><div  class=\"bt_bb_column col-xxl-3 col-xl-3 bt_bb_vertical_align_top bt_bb_align_left bt_bb_padding_normal bt_bb_animation_fade_in animate\"  data-width=\"3\" data-bt-override-class=\"{}\"><div class=\"bt_bb_column_content\"><div class=\"bt_bb_row_wrapper\"><div  class=\"bt_bb_row_inner\"  data-bt-override-class=\"{}\"><div  class=\"bt_bb_column_inner col-xxl-12 col-xl-12 bt_bb_align_center bt_bb_vertical_align_middle bt_bb_highlight bt_bb_padding_normal\"  data-width=\"12\" data-bt-override-class=\"{}\"><div class=\"bt_bb_column_inner_content\"><header class=\"bt_bb_headline bt_bb_font_weight_bold bt_bb_color_scheme_17 bt_bb_dash_bottom bt_bb_size_inherit bt_bb_align_center bt_bb_dash_type_none\" style=\"; --primary-color:#333c4a; --secondary-color:#cbaf88;\" data-bt-override-class=\"{&quot;bt_bb_align_&quot;:{&quot;current_class&quot;:&quot;bt_bb_align_center&quot;,&quot;xxl&quot;:&quot;center&quot;,&quot;xl&quot;:&quot;center&quot;}}\"><h1 style=\"font-size:20px\" class=\"bt_bb_headline_tag\"><span class=\"bt_bb_headline_content\"><span>Specialists<\/span><\/span><\/h1><\/header><div class=\"bt_bb_column_inner_highlight\"><\/div><\/div><\/div><\/div><\/div><div class=\"bt_bb_row_wrapper\"><div  class=\"bt_bb_row_inner\"  data-bt-override-class=\"{}\"><div  class=\"bt_bb_column_inner col-xxl-12 col-xl-12 bt_bb_align_center bt_bb_vertical_align_middle bt_bb_highlight bt_bb_padding_normal\"  data-width=\"12\" data-bt-override-class=\"{}\"><div class=\"bt_bb_column_inner_content\"><div class=\"bt_bb_separator bt_bb_border_style_none bt_bb_bottom_spacing_extra_small\" data-bt-override-class=\"null\"><\/div><div class=\"bt_bb_column_inner_highlight\"><\/div><\/div><\/div><\/div><\/div><div  class=\"bt_bb_text\" ><div id='iksm-2460' class='iksm iksm-2460 iksm-container '  data-id='2460' data-is-pro='Array' data-source='menu'><div class='iksm-terms'><div class='iksm-terms-tree iksm-terms-tree--level-1 iksm-terms-tree--parents' style=''><div class=\"iksm-terms-tree__inner\">\r\n        <div class=\"iksm-term iksm-term--id-2455 iksm-term--parent\" data-id=\"2455\">\r\n            <div class=\"iksm-term__inner\">\r\n                <a class=\"iksm-term__link\" href='https:\/\/dogaparkdis.com\/dr-meltem-gelgin\/' target='_self'>\r\n\t\t\t\t\t        <span class=\"iksm-term__text\">Dr. Meltem GELG\u0130N<\/span>\r\n\t\t                <\/a>\r\n\t\t\t\t            <\/div>\r\n\t\t\t        <\/div>\r\n\r\n\t\t\r\n        <div class=\"iksm-term iksm-term--id-2483 iksm-term--parent\" data-id=\"2483\">\r\n            <div class=\"iksm-term__inner\">\r\n                <a class=\"iksm-term__link\" href='https:\/\/dogaparkdis.com\/uzm-dt-anil-aciklar-kavas\/' target='_self'>\r\n\t\t\t\t\t        <span class=\"iksm-term__text\">Uzm. Dt. An\u0131l A\u00e7\u0131klar KAVAS<\/span>\r\n\t\t                <\/a>\r\n\t\t\t\t            <\/div>\r\n\t\t\t        <\/div>\r\n\r\n\t\t\r\n        <div class=\"iksm-term iksm-term--id-2487 iksm-term--parent\" data-id=\"2487\">\r\n            <div class=\"iksm-term__inner\">\r\n                <a class=\"iksm-term__link\" href='https:\/\/dogaparkdis.com\/uzm-dt-ercan-kavas\/' target='_self'>\r\n\t\t\t\t\t        <span class=\"iksm-term__text\">Uzm. Dt. Ercan KAVAS<\/span>\r\n\t\t                <\/a>\r\n\t\t\t\t            <\/div>\r\n\t\t\t        <\/div>\r\n\r\n\t\t\r\n        <div class=\"iksm-term iksm-term--id-5268 iksm-term--parent\" data-id=\"5268\">\r\n            <div class=\"iksm-term__inner\">\r\n                <a class=\"iksm-term__link\" href='https:\/\/dogaparkdis.com\/uzm-dt-feride-sahin\/' target='_self'>\r\n\t\t\t\t\t        <span class=\"iksm-term__text\">Uzm. Dt. Feride \u015eAH\u0130N<\/span>\r\n\t\t                <\/a>\r\n\t\t\t\t            <\/div>\r\n\t\t\t        <\/div>\r\n\r\n\t\t\r\n        <div class=\"iksm-term iksm-term--id-2486 iksm-term--parent\" data-id=\"2486\">\r\n            <div class=\"iksm-term__inner\">\r\n                <a class=\"iksm-term__link\" href='https:\/\/dogaparkdis.com\/dt-elif-altindal\/' target='_self'>\r\n\t\t\t\t\t        <span class=\"iksm-term__text\">Dt. Elif ALTINDAL<\/span>\r\n\t\t                <\/a>\r\n\t\t\t\t            <\/div>\r\n\t\t\t        <\/div>\r\n\r\n\t\t<\/div><\/div><\/div><div id=\"iksm_data_args\" class=\"data-args\"  data-collapse_children_terms='1' data-collapse_other_terms='1' data-collapse_animation_duration='400' data-expand_animation_duration='400'><\/div><\/div><script id=\"styles-copier-69e11374d4f56\">\r\n\t\t\t\/\/ Finding styles element\r\n\t        var element = document.getElementById(\"iksm-dynamic-style\");\r\n\t        if (!element) { \/\/ If no element (Cache plugins can remove tag), then creating a new one\r\n                element = document.createElement('style');\r\n                var head = document.getElementsByTagName(\"head\")\r\n                if (head && head[0]) {\r\n                \thead[0].appendChild(element);\r\n                } else {\r\n                  \tconsole.warn(\"Iks Menu | Error while printing styles. Please contact technical support.\");\r\n                }\r\n\t        }\r\n\t\t\t\/\/ Copying styles to <styles> tag\r\n\t        element.innerHTML += \".iksm-2460 .iksm-terms{background-color:rgba(25,25,25,1);border-top-left-radius:5px;border-top-right-radius:5px;border-bottom-right-radius:5px;border-bottom-left-radius:5px;padding-top:15px;padding-right:15px;padding-bottom:15px;padding-left:15px;transition:all 400ms;animation:iks-fade-in 1000ms;}.iksm-2460 .iksm-terms-tree--children > .iksm-terms-tree__inner{animation:iks-zoom-in 400ms;}.iksm-2460 .iksm-term__inner{border-top-left-radius:5px;border-top-right-radius:5px;border-bottom-right-radius:5px;border-bottom-left-radius:5px;margin-top:2px;margin-bottom:2px;min-height:44px;transition:all 400ms;}.iksm-2460 .iksm-term__inner:hover{background-color:rgba(224,201,126,1);border-top-left-radius:5px;border-top-right-radius:5px;border-bottom-right-radius:5px;border-bottom-left-radius:5px;}.iksm-2460 .iksm-term--current > .iksm-term__inner{background-color:rgba(224,201,126,1);border-top-left-radius:5px;border-top-right-radius:5px;border-bottom-right-radius:5px;border-bottom-left-radius:5px;}.iksm-2460 .iksm-term--child .iksm-term__inner{border-top-left-radius:5px;border-top-right-radius:5px;border-bottom-right-radius:5px;border-bottom-left-radius:5px;}.iksm-2460 .iksm-term--child .iksm-term__inner:hover{border-top-left-radius:5px;border-top-right-radius:5px;border-bottom-right-radius:5px;border-bottom-left-radius:5px;}.iksm-2460 .iksm-term--child.iksm-term--current > .iksm-term__inner{border-top-left-radius:5px;border-top-right-radius:5px;border-bottom-right-radius:5px;border-bottom-left-radius:5px;}.iksm-2460 .iksm-term__link{color:rgba(255,255,255,1);font-size:15px;line-height:15px;font-weight:400;text-decoration:none;padding-top:5px;padding-right:15px;padding-bottom:5px;padding-left:15px;transition:all 400ms;}.iksm-2460 .iksm-term__inner:hover .iksm-term__link{color:rgba(255,255,255,1);}.iksm-2460 .iksm-term--current > .iksm-term__inner .iksm-term__link{color:rgba(255,255,255,1);}.iksm-2460 .iksm-term__toggle__inner{transition:transform 400ms}.iksm-2460 .iksm-term--expanded > .iksm-term__inner > .iksm-term__toggle > .iksm-term__toggle__inner{transform:rotate(180deg);}.iksm-2460 .iksm-term__toggle{color:rgba(133,133,133,1);font-size:22px;align-self:stretch;height:unset;;width:40px;transition:all 400ms;}.iksm-2460 .iksm-term__toggle:hover{color:rgba(0,0,0,1);}.iksm-2460 .iksm-term__image-container{width:30px;min-width:30px;height:30px;min-height:30px;margin-right:15px;transition:all 400ms;}.iksm-2460 .iksm-term__image{background-size:contain;background-position:center;background-repeat:no-repeat;}.iksm-2460 .iksm-term__image-container:hover{background-size:contain;background-position:center;background-repeat:no-repeat;}.iksm-2460 .iksm-term__inner:hover .iksm-term__image-container{background-size:contain;background-position:center;background-repeat:no-repeat;}.iksm-2460 .iksm-term--current > .iksm-term__inner .iksm-term__image-container{background-size:contain;background-position:center;background-repeat:no-repeat;}.iksm-2460 .iksm-term--child .iksm-term__inner .iksm-term__image-container{background-size:contain;background-position:center;background-repeat:no-repeat;}.iksm-2460 .iksm-term--child .iksm-term__inner .iksm-term__image-container:hover{background-size:contain;background-position:center;background-repeat:no-repeat;}.iksm-2460 .iksm-term--child.iksm-term--current > .iksm-term__inner .iksm-term__image-container{background-size:contain;background-position:center;background-repeat:no-repeat;}.iksm-2460  .iksm-term__text{flex: unset}.iksm-2460 .iksm-term__posts-count{color:rgba(133,133,133,1);font-size:16px;margin-left:12px;font-weight:400;transition:all 400ms;}.iksm-2460 .iksm-term--collapsing > .iksm-terms-tree--children > .iksm-terms-tree__inner{animation:iks-zoom-out 400ms;}\";\r\n\t        \/\/ Removing this script\r\n            var this_script = document.getElementById(\"styles-copier-69e11374d4f56\");\r\n            if (this_script) { \/\/ Cache plugins can remove tag\r\n\t            this_script.outerHTML = \"\";\r\n\t            if (this_script.parentNode) {\r\n\t                this_script.parentNode.removeChild(this_script);\r\n\t            }\r\n            }\r\n        <\/script><\/div><\/div><\/div><div  class=\"bt_bb_column col-xxl-9 col-xl-9 bt_bb_vertical_align_top bt_bb_align_left bt_bb_padding_normal bt_bb_animation_fade_in animate\"  data-width=\"9\" data-bt-override-class=\"{}\"><div class=\"bt_bb_column_content\"><div class=\"bt_bb_row_wrapper\"><div  class=\"bt_bb_row_inner\"  data-bt-override-class=\"{}\"><div  class=\"bt_bb_column_inner col-xxl-12 col-xl-12 bt_bb_align_left bt_bb_vertical_align_top\"  data-width=\"12\" data-bt-override-class=\"{}\"><div class=\"bt_bb_column_inner_content\"><div class=\"bt_bb_separator bt_bb_border_style_none bt_bb_top_spacing_extra_small bt_bb_bottom_spacing_small\" data-bt-override-class=\"null\"><\/div><div class=\"bt_bb_icon bt_bb_color_scheme_6 bt_bb_style_filled bt_bb_size_xsmall bt_bb_shape_circle bt_bb_target_blank bt_bb_text_empty bt_bb_align_inherit\" style=\"padding-right: .5em;; --primary-color:#ffffff; --secondary-color:#cbaf88;\" data-bt-override-class=\"{&quot;bt_bb_size_&quot;:{&quot;current_class&quot;:&quot;bt_bb_size_xsmall&quot;,&quot;xxl&quot;:&quot;xsmall&quot;,&quot;xl&quot;:&quot;xsmall&quot;},&quot;bt_bb_align_&quot;:{&quot;current_class&quot;:&quot;bt_bb_align_inherit&quot;,&quot;xxl&quot;:&quot;inherit&quot;,&quot;xl&quot;:&quot;inherit&quot;}}\"><a href=\"https:\/\/www.instagram.com\/dr.meltemgelgin.ortodontist\/\" target=\"_blank\" data-ico-fontawesome5brands=\"&#xf16d;\" class=\"bt_bb_icon_holder\" rel=\"noopener\"><\/a><\/div><div  class=\"bt_bb_text\" ><p><img decoding=\"async\" class=\"wp-image-3677 size-full alignleft\" src=\"https:\/\/dogaparkdis.com\/wp-content\/uploads\/2021\/12\/Meltem-Gelgin-Foto-Ekip.png\" alt=\"\" width=\"350\" height=\"300\" srcset=\"https:\/\/dogaparkdis.com\/wp-content\/uploads\/2021\/12\/Meltem-Gelgin-Foto-Ekip.png 350w, https:\/\/dogaparkdis.com\/wp-content\/uploads\/2021\/12\/Meltem-Gelgin-Foto-Ekip-320x274.png 320w\" sizes=\"(max-width: 350px) 100vw, 350px\" \/><span style=\"font-size: 14pt;\"><strong>Dr. Meltem GELG\u0130N<\/strong><\/span><\/p>\n<p>Specialist Orthodontist<\/p>\n<p>Orthodontist Dentist Dr. Meltem Gelgin was born in 1991 in Istanbul. She has been living in Bah\u00e7e\u015fehir since 1996. She graduated from Medipol Faculty of Dentistry in 2015. In the same year, she started Orthodontics Doktorate of Bezmialem. She graduated in 2019 by transferring to Alt\u0131nba\u015f University, where she will continue academically in 2017. She is one of the founders of Do\u011fapark Dental Clinics, which started to serve in 2021.<br \/>\nDr. Meltem Gelgin who is continuing her clinical and academic studies since 2015. She is one of the founders of Do\u011fapark Dental Clinic, which started its operations in 2021.<br \/>\nShe is a member of TDB, Turkish Orthodontic Society, the American Association of Orthodontists, and the European Orthodontic Societies.<\/p>\n<\/div><div class=\"bt_bb_separator bt_bb_border_style_none bt_bb_bottom_spacing_small bt_bb_hidden_md bt_bb_hidden_lg\" data-bt-override-class=\"null\"><\/div><div class=\"bt_bb_column_inner_highlight\"><\/div><\/div><\/div><\/div><\/div><\/div><\/div><\/div><\/div><\/div><!-- cell_inner --><\/div><!-- cell --><\/div><!-- port --><\/section>","protected":false},"excerpt":{"rendered":"<p>Collaboratively administrate turnkey channels whereas virtual e-tailers. Objectively seize scalable metrics whereas proactive e-services. Seamlessly empower fully researched growth strategies and interoperable internal or organic sources.<\/p>\n","protected":false},"author":1,"featured_media":0,"parent":0,"menu_order":44,"comment_status":"closed","ping_status":"closed","template":"","meta":{"footnotes":""},"class_list":["post-4063","page","type-page","status-publish","hentry"],"_links":{"self":[{"href":"https:\/\/dogaparkdis.com\/en\/wp-json\/wp\/v2\/pages\/4063","targetHints":{"allow":["GET"]}}],"collection":[{"href":"https:\/\/dogaparkdis.com\/en\/wp-json\/wp\/v2\/pages"}],"about":[{"href":"https:\/\/dogaparkdis.com\/en\/wp-json\/wp\/v2\/types\/page"}],"author":[{"embeddable":true,"href":"https:\/\/dogaparkdis.com\/en\/wp-json\/wp\/v2\/users\/1"}],"replies":[{"embeddable":true,"href":"https:\/\/dogaparkdis.com\/en\/wp-json\/wp\/v2\/comments?post=4063"}],"version-history":[{"count":0,"href":"https:\/\/dogaparkdis.com\/en\/wp-json\/wp\/v2\/pages\/4063\/revisions"}],"wp:attachment":[{"href":"https:\/\/dogaparkdis.com\/en\/wp-json\/wp\/v2\/media?parent=4063"}],"curies":[{"name":"wp","href":"https:\/\/api.w.org\/{rel}","templated":true}]}}