{"id":3929,"date":"2022-02-16T15:19:15","date_gmt":"2022-02-16T12:19:15","guid":{"rendered":"https:\/\/dogaparkdis.com\/our-clinic\/"},"modified":"2024-05-29T15:14:09","modified_gmt":"2024-05-29T12:14:09","slug":"clinic","status":"publish","type":"page","link":"https:\/\/dogaparkdis.com\/en\/clinic\/","title":{"rendered":"Clinic"},"content":{"rendered":"<section id=\"bt_bb_section69e4c4ce22610\" class=\"bt_bb_section bt_bb_color_scheme_6 bt_bb_layout_boxed_1200 bt_bb_vertical_align_top bt_bb_bottom_section_coverage_image bt_bb_section_with_bottom_coverage_image bt_bb_top_spacing_medium btCustomHeadlineSection\" style=\"; --section-primary-color:#ffffff; --section-secondary-color:#cbaf88;\" data-bt-override-class=\"null\"><div class=\"bt_bb_background_image_holder_wrapper\"><div class=\"bt_bb_background_image_holder btLazyLoadBackground bt_bb_parallax\"  data-background_image_src=\"https:\/\/dogaparkdis.com\/wp-content\/uploads\/2020\/05\/bgn-blurb-1.png\" data-parallax=\"0.6\" data-parallax-offset=\"0\" data-parallax-zoom-start=\"1\" data-parallax-zoom-end=\"1\" data-parallax-blur-start=\"0\" data-parallax-blur-end=\"0\" data-parallax-opacity-start=\"1\" data-parallax-opacity-end=\"1\" style=\" background-image: url(&#039;https:\/\/dogaparkdis.com\/wp-content\/plugins\/bold-page-builder\/img\/blank.gif&#039;);\"><\/div><\/div><div class=\"bt_bb_port\"><div class=\"bt_bb_cell\"><div class=\"bt_bb_cell_inner\"><div class=\"bt_bb_row_wrapper\"><div  class=\"bt_bb_row\"  data-bt-override-class=\"{}\"><div  class=\"bt_bb_column col-xxl-12 col-xl-12 bt_bb_vertical_align_bottom bt_bb_align_left bt_bb_padding_normal\"  data-width=\"12\" data-bt-override-class=\"{}\"><div class=\"bt_bb_column_content\"><div class=\"bt_bb_separator bt_bb_border_style_none bt_bb_bottom_spacing_medium\" data-bt-override-class=\"null\"><\/div><header class=\"bt_bb_headline bt_bb_font_weight_bold bt_bb_dash_none bt_bb_size_normal bt_bb_align_center bt_bb_dash_type_none\" data-bt-override-class=\"{&quot;bt_bb_align_&quot;:{&quot;current_class&quot;:&quot;bt_bb_align_center&quot;,&quot;xxl&quot;:&quot;center&quot;,&quot;xl&quot;:&quot;center&quot;}}\"><h1 style=\"font-size:36px\" class=\"bt_bb_headline_tag\"><span class=\"bt_bb_headline_content\"><span><em><s>Our Clinic<\/s><\/em><\/span><\/span><\/h1><\/header><div class=\"bt_bb_separator bt_bb_border_style_none bt_bb_bottom_spacing_large\" data-bt-override-class=\"null\"><\/div><\/div><\/div><\/div><\/div><\/div><!-- cell_inner --><\/div><!-- cell --><\/div><!-- port --><div class=\"bt_bb_section_bottom_section_coverage_image\"><img decoding=\"async\" src=\"https:\/\/dogaparkdis.com\/wp-content\/uploads\/2020\/01\/bottom-cover-2.png\" alt=\"bt_bb_section_bottom_section_coverage_image\" \/><\/div><\/section><section id=\"bt_bb_section69e4c4ce22c59\" class=\"bt_bb_section bt_bb_layout_boxed_1200 bt_bb_vertical_align_top bt_bb_bottom_spacing_large\"  data-bt-override-class=\"null\"><div class=\"bt_bb_port\"><div class=\"bt_bb_cell\"><div class=\"bt_bb_cell_inner\"><div class=\"bt_bb_row_wrapper\"><div  class=\"bt_bb_row\"  data-bt-override-class=\"{}\"><div  class=\"bt_bb_column col-xxl-12 col-xl-12 bt_bb_vertical_align_top bt_bb_align_left bt_bb_padding_normal\"  data-width=\"12\" data-bt-override-class=\"{}\"><div class=\"bt_bb_column_content\"><\/div><\/div><\/div><\/div><div class=\"bt_bb_row_wrapper\"><div  class=\"bt_bb_row\"  data-bt-override-class=\"{}\"><div  class=\"bt_bb_column col-xxl-12 col-xl-12 bt_bb_vertical_align_middle bt_bb_align_left bt_bb_padding_normal bt_bb_animation_fade_in animate\"  data-width=\"12\" data-bt-override-class=\"{}\"><div class=\"bt_bb_column_content\"><div class=\"bt_bb_separator bt_bb_border_style_none bt_bb_top_spacing_normal bt_bb_bottom_spacing_normal\" data-bt-override-class=\"null\"><\/div><div class=\"bt_bb_separator bt_bb_border_style_none bt_bb_top_spacing_extra_small bt_bb_bottom_spacing_extra_small\" data-bt-override-class=\"null\"><\/div><div class=\"bt_bb_masonry_image_grid bt_bb_grid_container bt_bb_columns_4 bt_bb_gap_small\" data-columns=\"4\"><div class=\"bt_bb_masonry_post_image_content\" data-columns=\"4\"><div class=\"bt_bb_grid_sizer\"><\/div><div class=\"bt_bb_grid_item bt_bb_tile_format11\" data-hw=\"0.5625\" data-src=\"https:\/\/dogaparkdis.com\/wp-content\/uploads\/2021\/12\/Doga-Park-Slide-1.8-1280x720.jpg\" data-src-full=\"https:\/\/dogaparkdis.com\/wp-content\/uploads\/2021\/12\/Doga-Park-Slide-1.8.jpg\" data-title=\"Doga Park Slide 1.8\"><div class=\"bt_bb_grid_item_inner\" data-hw=\"0.5625\" ><div class=\"bt_bb_grid_item_inner_image\"><\/div><div class=\"bt_bb_grid_item_inner_content\"><\/div><\/div><\/div><div class=\"bt_bb_grid_item bt_bb_tile_format11\" data-hw=\"0.62666666666667\" data-src=\"https:\/\/dogaparkdis.com\/wp-content\/uploads\/2021\/12\/Dogapark-Klinigimiz-9-1280x802.jpg\" data-src-full=\"https:\/\/dogaparkdis.com\/wp-content\/uploads\/2021\/12\/Dogapark-Klinigimiz-9.jpg\" data-title=\"Dogapark Klinigimiz (9)\"><div class=\"bt_bb_grid_item_inner\" data-hw=\"0.62666666666667\" ><div class=\"bt_bb_grid_item_inner_image\"><\/div><div class=\"bt_bb_grid_item_inner_content\"><\/div><\/div><\/div><div class=\"bt_bb_grid_item bt_bb_tile_format11\" data-hw=\"0.66666666666667\" data-src=\"https:\/\/dogaparkdis.com\/wp-content\/uploads\/2021\/11\/Dogapark-Slide-3-1280x853.jpg\" data-src-full=\"https:\/\/dogaparkdis.com\/wp-content\/uploads\/2021\/11\/Dogapark-Slide-3.jpg\" data-title=\"Dogapark Slide 3\"><div class=\"bt_bb_grid_item_inner\" data-hw=\"0.66666666666667\" ><div class=\"bt_bb_grid_item_inner_image\"><\/div><div class=\"bt_bb_grid_item_inner_content\"><\/div><\/div><\/div><div class=\"bt_bb_grid_item bt_bb_tile_format11\" data-hw=\"0.66666666666667\" data-src=\"https:\/\/dogaparkdis.com\/wp-content\/uploads\/2021\/11\/Dogapark-Slide-2-1280x853.jpg\" data-src-full=\"https:\/\/dogaparkdis.com\/wp-content\/uploads\/2021\/11\/Dogapark-Slide-2.jpg\" data-title=\"Dogapark Slide 2\"><div class=\"bt_bb_grid_item_inner\" data-hw=\"0.66666666666667\" ><div class=\"bt_bb_grid_item_inner_image\"><\/div><div class=\"bt_bb_grid_item_inner_content\"><\/div><\/div><\/div><div class=\"bt_bb_grid_item bt_bb_tile_format11\" data-hw=\"0.66666666666667\" data-src=\"https:\/\/dogaparkdis.com\/wp-content\/uploads\/2021\/12\/Doga-Park-Slide-1.9-1280x853.jpg\" data-src-full=\"https:\/\/dogaparkdis.com\/wp-content\/uploads\/2021\/12\/Doga-Park-Slide-1.9.jpg\" data-title=\"Doga Park Slide 1.9\"><div class=\"bt_bb_grid_item_inner\" data-hw=\"0.66666666666667\" ><div class=\"bt_bb_grid_item_inner_image\"><\/div><div class=\"bt_bb_grid_item_inner_content\"><\/div><\/div><\/div><div class=\"bt_bb_grid_item bt_bb_tile_format11\" data-hw=\"0.6675\" data-src=\"https:\/\/dogaparkdis.com\/wp-content\/uploads\/2021\/12\/Dogapark-Klinigimiz-1-1280x854.jpg\" data-src-full=\"https:\/\/dogaparkdis.com\/wp-content\/uploads\/2021\/12\/Dogapark-Klinigimiz-1.jpg\" data-title=\"Dogapark Klinigimiz (1)\"><div class=\"bt_bb_grid_item_inner\" data-hw=\"0.6675\" ><div class=\"bt_bb_grid_item_inner_image\"><\/div><div class=\"bt_bb_grid_item_inner_content\"><\/div><\/div><\/div><div class=\"bt_bb_grid_item bt_bb_tile_format11\" data-hw=\"0.66666666666667\" data-src=\"https:\/\/dogaparkdis.com\/wp-content\/uploads\/2021\/12\/Doga-Park-Slide-1.10-1280x853.jpg\" data-src-full=\"https:\/\/dogaparkdis.com\/wp-content\/uploads\/2021\/12\/Doga-Park-Slide-1.10.jpg\" data-title=\"Doga Park Slide 1.10\"><div class=\"bt_bb_grid_item_inner\" data-hw=\"0.66666666666667\" ><div class=\"bt_bb_grid_item_inner_image\"><\/div><div class=\"bt_bb_grid_item_inner_content\"><\/div><\/div><\/div><div class=\"bt_bb_grid_item bt_bb_tile_format11\" data-hw=\"0.66666666666667\" data-src=\"https:\/\/dogaparkdis.com\/wp-content\/uploads\/2021\/11\/Dogapark-Hakkimizda-1-1280x853.jpg\" data-src-full=\"https:\/\/dogaparkdis.com\/wp-content\/uploads\/2021\/11\/Dogapark-Hakkimizda-1.jpg\" data-title=\"Dogapark Hakk\u0131m\u0131zda 1\"><div class=\"bt_bb_grid_item_inner\" data-hw=\"0.66666666666667\" ><div class=\"bt_bb_grid_item_inner_image\"><\/div><div class=\"bt_bb_grid_item_inner_content\"><\/div><\/div><\/div><div class=\"bt_bb_grid_item bt_bb_tile_format11\" data-hw=\"1.5\" data-src=\"https:\/\/dogaparkdis.com\/wp-content\/uploads\/2021\/12\/Dogapark-Klinigimiz-6.jpg\" data-src-full=\"https:\/\/dogaparkdis.com\/wp-content\/uploads\/2021\/12\/Dogapark-Klinigimiz-6.jpg\" data-title=\"Dogapark Klinigimiz (6)\"><div class=\"bt_bb_grid_item_inner\" data-hw=\"1.5\" ><div class=\"bt_bb_grid_item_inner_image\"><\/div><div class=\"bt_bb_grid_item_inner_content\"><\/div><\/div><\/div><div class=\"bt_bb_grid_item bt_bb_tile_format11\" data-hw=\"1.5\" data-src=\"https:\/\/dogaparkdis.com\/wp-content\/uploads\/2021\/12\/Dogapark-Klinigimiz-7.jpg\" data-src-full=\"https:\/\/dogaparkdis.com\/wp-content\/uploads\/2021\/12\/Dogapark-Klinigimiz-7.jpg\" data-title=\"Dogapark Klinigimiz (7)\"><div class=\"bt_bb_grid_item_inner\" data-hw=\"1.5\" ><div class=\"bt_bb_grid_item_inner_image\"><\/div><div class=\"bt_bb_grid_item_inner_content\"><\/div><\/div><\/div><div class=\"bt_bb_grid_item bt_bb_tile_format11\" data-hw=\"0.6675\" data-src=\"https:\/\/dogaparkdis.com\/wp-content\/uploads\/2021\/12\/Dogapark-Klinigimiz-2-1280x854.jpg\" data-src-full=\"https:\/\/dogaparkdis.com\/wp-content\/uploads\/2021\/12\/Dogapark-Klinigimiz-2.jpg\" data-title=\"Dogapark Klinigimiz (2)\"><div class=\"bt_bb_grid_item_inner\" data-hw=\"0.6675\" ><div class=\"bt_bb_grid_item_inner_image\"><\/div><div class=\"bt_bb_grid_item_inner_content\"><\/div><\/div><\/div><div class=\"bt_bb_grid_item bt_bb_tile_format11\" data-hw=\"0.6675\" data-src=\"https:\/\/dogaparkdis.com\/wp-content\/uploads\/2021\/12\/Dogapark-Klinigimiz-3-1280x854.jpg\" data-src-full=\"https:\/\/dogaparkdis.com\/wp-content\/uploads\/2021\/12\/Dogapark-Klinigimiz-3.jpg\" data-title=\"Dogapark Klinigimiz (3)\"><div class=\"bt_bb_grid_item_inner\" data-hw=\"0.6675\" ><div class=\"bt_bb_grid_item_inner_image\"><\/div><div class=\"bt_bb_grid_item_inner_content\"><\/div><\/div><\/div><div class=\"bt_bb_grid_item bt_bb_tile_format11\" data-hw=\"0.6675\" data-src=\"https:\/\/dogaparkdis.com\/wp-content\/uploads\/2021\/12\/Dogapark-Klinigimiz-4-1280x854.jpg\" data-src-full=\"https:\/\/dogaparkdis.com\/wp-content\/uploads\/2021\/12\/Dogapark-Klinigimiz-4.jpg\" data-title=\"Dogapark Klinigimiz (4)\"><div class=\"bt_bb_grid_item_inner\" data-hw=\"0.6675\" ><div class=\"bt_bb_grid_item_inner_image\"><\/div><div class=\"bt_bb_grid_item_inner_content\"><\/div><\/div><\/div><div class=\"bt_bb_grid_item bt_bb_tile_format11\" data-hw=\"0.6675\" data-src=\"https:\/\/dogaparkdis.com\/wp-content\/uploads\/2021\/12\/Dogapark-Klinigimiz-5-1280x854.jpg\" data-src-full=\"https:\/\/dogaparkdis.com\/wp-content\/uploads\/2021\/12\/Dogapark-Klinigimiz-5.jpg\" data-title=\"Dogapark Klinigimiz (5)\"><div class=\"bt_bb_grid_item_inner\" data-hw=\"0.6675\" ><div class=\"bt_bb_grid_item_inner_image\"><\/div><div class=\"bt_bb_grid_item_inner_content\"><\/div><\/div><\/div><div class=\"bt_bb_grid_item bt_bb_tile_format11\" data-hw=\"0.66666666666667\" data-src=\"https:\/\/dogaparkdis.com\/wp-content\/uploads\/2024\/05\/1-_1_-min-1280x853.webp\" data-src-full=\"https:\/\/dogaparkdis.com\/wp-content\/uploads\/2024\/05\/1-_1_-min-scaled.webp\" data-title=\"1-_1_-min\"><div class=\"bt_bb_grid_item_inner\" data-hw=\"0.66666666666667\" ><div class=\"bt_bb_grid_item_inner_image\"><\/div><div class=\"bt_bb_grid_item_inner_content\"><\/div><\/div><\/div><div class=\"bt_bb_grid_item bt_bb_tile_format11\" data-hw=\"0.66666666666667\" data-src=\"https:\/\/dogaparkdis.com\/wp-content\/uploads\/2024\/05\/2-_3_-min-1280x853.webp\" data-src-full=\"https:\/\/dogaparkdis.com\/wp-content\/uploads\/2024\/05\/2-_3_-min-scaled.webp\" data-title=\"2-_3_-min\"><div class=\"bt_bb_grid_item_inner\" data-hw=\"0.66666666666667\" ><div class=\"bt_bb_grid_item_inner_image\"><\/div><div class=\"bt_bb_grid_item_inner_content\"><\/div><\/div><\/div><div class=\"bt_bb_grid_item bt_bb_tile_format11\" data-hw=\"0.66666666666667\" data-src=\"https:\/\/dogaparkdis.com\/wp-content\/uploads\/2024\/05\/3-_3_-min-_1_-1280x853.webp\" data-src-full=\"https:\/\/dogaparkdis.com\/wp-content\/uploads\/2024\/05\/3-_3_-min-_1_-scaled.webp\" data-title=\"3-_3_-min-_1_\"><div class=\"bt_bb_grid_item_inner\" data-hw=\"0.66666666666667\" ><div class=\"bt_bb_grid_item_inner_image\"><\/div><div class=\"bt_bb_grid_item_inner_content\"><\/div><\/div><\/div><div class=\"bt_bb_grid_item bt_bb_tile_format11\" data-hw=\"0.66666666666667\" data-src=\"https:\/\/dogaparkdis.com\/wp-content\/uploads\/2021\/11\/Dogapark-Hakkimizda-3-1280x853.jpg\" data-src-full=\"https:\/\/dogaparkdis.com\/wp-content\/uploads\/2021\/11\/Dogapark-Hakkimizda-3.jpg\" data-title=\"Dogapark Hakk\u0131m\u0131zda 3\"><div class=\"bt_bb_grid_item_inner\" data-hw=\"0.66666666666667\" ><div class=\"bt_bb_grid_item_inner_image\"><\/div><div class=\"bt_bb_grid_item_inner_content\"><\/div><\/div><\/div><div class=\"bt_bb_grid_item bt_bb_tile_format11\" data-hw=\"0.66666666666667\" data-src=\"https:\/\/dogaparkdis.com\/wp-content\/uploads\/2019\/12\/Doga-Park-Dis-Cocuk-Bolumu-5-1280x853.jpg\" data-src-full=\"https:\/\/dogaparkdis.com\/wp-content\/uploads\/2019\/12\/Doga-Park-Dis-Cocuk-Bolumu-5.jpg\" data-title=\"Do\u011fa Park Di\u015f \u00c7ocuk B\u00f6l\u00fcm\u00fc (5)\"><div class=\"bt_bb_grid_item_inner\" data-hw=\"0.66666666666667\" ><div class=\"bt_bb_grid_item_inner_image\"><\/div><div class=\"bt_bb_grid_item_inner_content\"><\/div><\/div><\/div><div class=\"bt_bb_grid_item bt_bb_tile_format11\" data-hw=\"0.66666666666667\" data-src=\"https:\/\/dogaparkdis.com\/wp-content\/uploads\/2019\/12\/Doga-Park-Dis-Cocuk-Bolumu-3-1280x853.jpg\" data-src-full=\"https:\/\/dogaparkdis.com\/wp-content\/uploads\/2019\/12\/Doga-Park-Dis-Cocuk-Bolumu-3.jpg\" data-title=\"Do\u011fa Park Di\u015f \u00c7ocuk B\u00f6l\u00fcm\u00fc (3)\"><div class=\"bt_bb_grid_item_inner\" data-hw=\"0.66666666666667\" ><div class=\"bt_bb_grid_item_inner_image\"><\/div><div class=\"bt_bb_grid_item_inner_content\"><\/div><\/div><\/div><div class=\"bt_bb_grid_item bt_bb_tile_format11\" data-hw=\"0.66666666666667\" data-src=\"https:\/\/dogaparkdis.com\/wp-content\/uploads\/2021\/11\/Dogapark-Hakkimizda-2-1280x853.jpg\" data-src-full=\"https:\/\/dogaparkdis.com\/wp-content\/uploads\/2021\/11\/Dogapark-Hakkimizda-2.jpg\" data-title=\"Dogapark Hakk\u0131m\u0131zda 2\"><div class=\"bt_bb_grid_item_inner\" data-hw=\"0.66666666666667\" ><div class=\"bt_bb_grid_item_inner_image\"><\/div><div class=\"bt_bb_grid_item_inner_content\"><\/div><\/div><\/div><div class=\"bt_bb_grid_item bt_bb_tile_format11\" data-hw=\"0.66666666666667\" data-src=\"https:\/\/dogaparkdis.com\/wp-content\/uploads\/2021\/12\/Doga-Park-Slide-1.14-1280x853.jpg\" data-src-full=\"https:\/\/dogaparkdis.com\/wp-content\/uploads\/2021\/12\/Doga-Park-Slide-1.14.jpg\" data-title=\"Doga Park Slide 1.14\"><div class=\"bt_bb_grid_item_inner\" data-hw=\"0.66666666666667\" ><div class=\"bt_bb_grid_item_inner_image\"><\/div><div class=\"bt_bb_grid_item_inner_content\"><\/div><\/div><\/div><div class=\"bt_bb_grid_item bt_bb_tile_format11\" data-hw=\"0.66666666666667\" data-src=\"https:\/\/dogaparkdis.com\/wp-content\/uploads\/2019\/12\/Doga-Park-Dis-Cocuk-Bolumu-2-1280x853.jpg\" data-src-full=\"https:\/\/dogaparkdis.com\/wp-content\/uploads\/2019\/12\/Doga-Park-Dis-Cocuk-Bolumu-2.jpg\" data-title=\"Do\u011fa Park Di\u015f \u00c7ocuk B\u00f6l\u00fcm\u00fc (2)\"><div class=\"bt_bb_grid_item_inner\" data-hw=\"0.66666666666667\" ><div class=\"bt_bb_grid_item_inner_image\"><\/div><div class=\"bt_bb_grid_item_inner_content\"><\/div><\/div><\/div><div class=\"bt_bb_grid_item bt_bb_tile_format11\" data-hw=\"0.66666666666667\" data-src=\"https:\/\/dogaparkdis.com\/wp-content\/uploads\/2019\/12\/Doga-Park-Dis-Cocuk-Bolumu-1-1280x853.jpg\" data-src-full=\"https:\/\/dogaparkdis.com\/wp-content\/uploads\/2019\/12\/Doga-Park-Dis-Cocuk-Bolumu-1.jpg\" data-title=\"Do\u011fa Park Di\u015f \u00c7ocuk B\u00f6l\u00fcm\u00fc (1)\"><div class=\"bt_bb_grid_item_inner\" data-hw=\"0.66666666666667\" ><div class=\"bt_bb_grid_item_inner_image\"><\/div><div class=\"bt_bb_grid_item_inner_content\"><\/div><\/div><\/div><div class=\"bt_bb_grid_item bt_bb_tile_format11\" data-hw=\"0.66666666666667\" data-src=\"https:\/\/dogaparkdis.com\/wp-content\/uploads\/2021\/11\/Dogapark-Hakkimizda-4-1280x853.jpg\" data-src-full=\"https:\/\/dogaparkdis.com\/wp-content\/uploads\/2021\/11\/Dogapark-Hakkimizda-4.jpg\" data-title=\"Dogapark Hakk\u0131m\u0131zda 4\"><div class=\"bt_bb_grid_item_inner\" data-hw=\"0.66666666666667\" ><div class=\"bt_bb_grid_item_inner_image\"><\/div><div class=\"bt_bb_grid_item_inner_content\"><\/div><\/div><\/div><div class=\"bt_bb_grid_item bt_bb_tile_format11\" data-hw=\"0.66666666666667\" data-src=\"https:\/\/dogaparkdis.com\/wp-content\/uploads\/2019\/12\/Doga-Park-Dis-Cocuk-Bolumu-4-1280x853.jpg\" data-src-full=\"https:\/\/dogaparkdis.com\/wp-content\/uploads\/2019\/12\/Doga-Park-Dis-Cocuk-Bolumu-4.jpg\" data-title=\"Do\u011fa Park Di\u015f \u00c7ocuk B\u00f6l\u00fcm\u00fc (4)\"><div class=\"bt_bb_grid_item_inner\" data-hw=\"0.66666666666667\" ><div class=\"bt_bb_grid_item_inner_image\"><\/div><div class=\"bt_bb_grid_item_inner_content\"><\/div><\/div><\/div><\/div><\/div><\/div><\/div><\/div><\/div><\/div><!-- cell_inner --><\/div><!-- cell --><\/div><!-- port --><\/section>","protected":false},"excerpt":{"rendered":"","protected":false},"author":1,"featured_media":0,"parent":0,"menu_order":20,"comment_status":"closed","ping_status":"closed","template":"","meta":{"footnotes":""},"class_list":["post-3929","page","type-page","status-publish","hentry"],"_links":{"self":[{"href":"https:\/\/dogaparkdis.com\/en\/wp-json\/wp\/v2\/pages\/3929","targetHints":{"allow":["GET"]}}],"collection":[{"href":"https:\/\/dogaparkdis.com\/en\/wp-json\/wp\/v2\/pages"}],"about":[{"href":"https:\/\/dogaparkdis.com\/en\/wp-json\/wp\/v2\/types\/page"}],"author":[{"embeddable":true,"href":"https:\/\/dogaparkdis.com\/en\/wp-json\/wp\/v2\/users\/1"}],"replies":[{"embeddable":true,"href":"https:\/\/dogaparkdis.com\/en\/wp-json\/wp\/v2\/comments?post=3929"}],"version-history":[{"count":1,"href":"https:\/\/dogaparkdis.com\/en\/wp-json\/wp\/v2\/pages\/3929\/revisions"}],"predecessor-version":[{"id":5312,"href":"https:\/\/dogaparkdis.com\/en\/wp-json\/wp\/v2\/pages\/3929\/revisions\/5312"}],"wp:attachment":[{"href":"https:\/\/dogaparkdis.com\/en\/wp-json\/wp\/v2\/media?parent=3929"}],"curies":[{"name":"wp","href":"https:\/\/api.w.org\/{rel}","templated":true}]}}