{"id":3922,"date":"2022-02-16T15:11:47","date_gmt":"2022-02-16T12:11:47","guid":{"rendered":"https:\/\/dogaparkdis.com\/hekimlerimiz\/"},"modified":"2024-05-27T17:00:32","modified_gmt":"2024-05-27T14:00:32","slug":"specialists","status":"publish","type":"page","link":"https:\/\/dogaparkdis.com\/en\/specialists\/","title":{"rendered":"Specialists"},"content":{"rendered":"<section id=\"bt_bb_section69e0f92cc1642\" class=\"bt_bb_section bt_bb_color_scheme_6 bt_bb_layout_boxed_1200 bt_bb_vertical_align_top bt_bb_bottom_section_coverage_image bt_bb_section_with_bottom_coverage_image bt_bb_top_spacing_medium btCustomHeadlineSection\" style=\"; --section-primary-color:#ffffff; --section-secondary-color:#cbaf88;\" data-bt-override-class=\"null\"><div class=\"bt_bb_background_image_holder_wrapper\"><div class=\"bt_bb_background_image_holder btLazyLoadBackground bt_bb_parallax\"  data-background_image_src=\"https:\/\/dogaparkdis.com\/wp-content\/uploads\/2020\/05\/bgn-blurb-1.png\" data-parallax=\"0.6\" data-parallax-offset=\"0\" data-parallax-zoom-start=\"1\" data-parallax-zoom-end=\"1\" data-parallax-blur-start=\"0\" data-parallax-blur-end=\"0\" data-parallax-opacity-start=\"1\" data-parallax-opacity-end=\"1\" style=\" background-image: url(&#039;https:\/\/dogaparkdis.com\/wp-content\/plugins\/bold-page-builder\/img\/blank.gif&#039;);\"><\/div><\/div><div class=\"bt_bb_port\"><div class=\"bt_bb_cell\"><div class=\"bt_bb_cell_inner\"><div class=\"bt_bb_row_wrapper\"><div  class=\"bt_bb_row\"  data-bt-override-class=\"{}\"><div  class=\"bt_bb_column col-xxl-12 col-xl-12 bt_bb_vertical_align_bottom bt_bb_align_left bt_bb_padding_normal\"  data-width=\"12\" data-bt-override-class=\"{}\"><div class=\"bt_bb_column_content\"><div class=\"bt_bb_separator bt_bb_border_style_none bt_bb_bottom_spacing_medium\" data-bt-override-class=\"null\"><\/div><header class=\"bt_bb_headline bt_bb_font_weight_bold bt_bb_dash_none bt_bb_size_normal bt_bb_align_center bt_bb_dash_type_none\" data-bt-override-class=\"{&quot;bt_bb_align_&quot;:{&quot;current_class&quot;:&quot;bt_bb_align_center&quot;,&quot;xxl&quot;:&quot;center&quot;,&quot;xl&quot;:&quot;center&quot;}}\"><h1 class=\"bt_bb_headline_tag\"><span class=\"bt_bb_headline_content\"><span><em><s>Doctors<\/s><\/em><\/span><\/span><\/h1><\/header><div class=\"bt_bb_separator bt_bb_border_style_none bt_bb_bottom_spacing_large\" data-bt-override-class=\"null\"><\/div><\/div><\/div><\/div><\/div><\/div><!-- cell_inner --><\/div><!-- cell --><\/div><!-- port --><div class=\"bt_bb_section_bottom_section_coverage_image\"><img decoding=\"async\" src=\"https:\/\/dogaparkdis.com\/wp-content\/uploads\/2020\/01\/bottom-cover-2.png\" alt=\"bt_bb_section_bottom_section_coverage_image\" \/><\/div><\/section><section id=\"bt_bb_section69e0f92cc1dad\" class=\"bt_bb_section bt_bb_layout_boxed_1200 bt_bb_vertical_align_top bt_bb_top_spacing_large bt_bb_bottom_spacing_normal\"  data-bt-override-class=\"null\"><div class=\"bt_bb_port\"><div class=\"bt_bb_cell\"><div class=\"bt_bb_cell_inner\"><div class=\"bt_bb_row_wrapper\"><div  class=\"bt_bb_row\"  data-bt-override-class=\"{}\"><div  class=\"bt_bb_column col-xxl-4 col-xl-4 bt_bb_vertical_align_top bt_bb_align_center bt_bb_padding_text_indent bt_bb_animation_fade_in bt_bb_animation_move_up animate\"  data-width=\"4\" data-bt-override-class=\"{}\"><div class=\"bt_bb_column_content\"><div class=\"bt_bb_icon bt_bb_color_scheme_6 bt_bb_style_filled bt_bb_size_xsmall bt_bb_shape_circle bt_bb_target_blank bt_bb_text_empty bt_bb_align_inherit\" style=\"padding-right: .5em;; --primary-color:#ffffff; --secondary-color:#cbaf88;\" data-bt-override-class=\"{&quot;bt_bb_size_&quot;:{&quot;current_class&quot;:&quot;bt_bb_size_xsmall&quot;,&quot;xxl&quot;:&quot;xsmall&quot;,&quot;xl&quot;:&quot;xsmall&quot;},&quot;bt_bb_align_&quot;:{&quot;current_class&quot;:&quot;bt_bb_align_inherit&quot;,&quot;xxl&quot;:&quot;inherit&quot;,&quot;xl&quot;:&quot;inherit&quot;}}\"><a href=\"https:\/\/www.instagram.com\/dr.meltemgelgin.ortodontist\/\" target=\"_blank\" data-ico-fontawesome5brands=\"&#xf16d;\" class=\"bt_bb_icon_holder\" rel=\"noopener\"><\/a><\/div><div class=\"bt_bb_image bt_bb_shape_square bt_bb_target_self bt_bb_align_inherit bt_bb_hover_style_simple bt_bb_content_display_always bt_bb_content_align_middle\" style=\"max-width: 250px;\" data-bt-override-class=\"{&quot;bt_bb_align_&quot;:{&quot;current_class&quot;:&quot;bt_bb_align_inherit&quot;,&quot;xxl&quot;:&quot;inherit&quot;,&quot;xl&quot;:&quot;inherit&quot;}}\"><a href=\"https:\/\/dogaparkdis.com\/en\/dr-meltem-gelgin\/\" target=\"_self\" title=\"Meltem Gelgin Foto Ekip\"><img decoding=\"async\" width=\"350\" height=\"300\" src=\"https:\/\/dogaparkdis.com\/wp-content\/uploads\/2021\/12\/Meltem-Gelgin-Foto-Ekip.png\" class=\"attachment-full size-full\" alt=\"https:\/\/dogaparkdis.com\/wp-content\/uploads\/2021\/12\/Meltem-Gelgin-Foto-Ekip.png\" data-full_image_src=\"https:\/\/dogaparkdis.com\/wp-content\/uploads\/2021\/12\/Meltem-Gelgin-Foto-Ekip.png\" title=\"Meltem Gelgin Foto Ekip\" srcset=\"https:\/\/dogaparkdis.com\/wp-content\/uploads\/2021\/12\/Meltem-Gelgin-Foto-Ekip.png 350w, https:\/\/dogaparkdis.com\/wp-content\/uploads\/2021\/12\/Meltem-Gelgin-Foto-Ekip-320x274.png 320w\" sizes=\"(max-width: 350px) 100vw, 350px\" \/><\/a><\/div><div class=\"bt_bb_separator bt_bb_border_style_none bt_bb_bottom_spacing_small\" data-bt-override-class=\"null\"><\/div><header class=\"bt_bb_headline bt_bb_color_scheme_17 bt_bb_dash_none bt_bb_subheadline bt_bb_size_small bt_bb_align_inherit bt_bb_dash_type_none\" style=\"; --primary-color:#333c4a; --secondary-color:#cbaf88;\" data-bt-override-class=\"{&quot;bt_bb_align_&quot;:{&quot;current_class&quot;:&quot;bt_bb_align_inherit&quot;,&quot;xxl&quot;:&quot;inherit&quot;,&quot;xl&quot;:&quot;inherit&quot;}}\"><h3 class=\"bt_bb_headline_tag\"><span class=\"bt_bb_headline_content\"><span><a href=\"https:\/\/dogaparkdis.com\/en\/dr-meltem-gelgin\/\" target=\"_self\" title=\"Dr. Meltem GELG\u0130N\">Dr. Meltem <strong>GELG\u0130N<\/strong><\/a><\/span><\/span><\/h3><div class=\"bt_bb_headline_subheadline\">Ortodonti Uzman\u0131<\/div><\/header><div class=\"bt_bb_separator bt_bb_border_style_none bt_bb_bottom_spacing_small\" data-bt-override-class=\"null\"><\/div><\/div><\/div><div  class=\"bt_bb_column col-xxl-4 col-xl-4 bt_bb_vertical_align_top bt_bb_align_center bt_bb_padding_text_indent bt_bb_animation_fade_in bt_bb_animation_move_up animate\"  data-width=\"4\" data-bt-override-class=\"{}\"><div class=\"bt_bb_column_content\"><div class=\"bt_bb_icon bt_bb_color_scheme_6 bt_bb_style_filled bt_bb_size_xsmall bt_bb_shape_circle bt_bb_target_blank bt_bb_text_empty bt_bb_align_inherit\" style=\"padding-right: .5em;; --primary-color:#ffffff; --secondary-color:#cbaf88;\" data-bt-override-class=\"{&quot;bt_bb_size_&quot;:{&quot;current_class&quot;:&quot;bt_bb_size_xsmall&quot;,&quot;xxl&quot;:&quot;xsmall&quot;,&quot;xl&quot;:&quot;xsmall&quot;},&quot;bt_bb_align_&quot;:{&quot;current_class&quot;:&quot;bt_bb_align_inherit&quot;,&quot;xxl&quot;:&quot;inherit&quot;,&quot;xl&quot;:&quot;inherit&quot;}}\"><a href=\"https:\/\/www.instagram.com\/anilaciklar\/\" target=\"_blank\" data-ico-fontawesome5brands=\"&#xf16d;\" class=\"bt_bb_icon_holder\" rel=\"noopener\"><\/a><\/div><div class=\"bt_bb_image bt_bb_shape_square bt_bb_target_self bt_bb_align_inherit bt_bb_hover_style_simple bt_bb_content_display_always bt_bb_content_align_middle\" style=\"max-width: 250px;\" data-bt-override-class=\"{&quot;bt_bb_align_&quot;:{&quot;current_class&quot;:&quot;bt_bb_align_inherit&quot;,&quot;xxl&quot;:&quot;inherit&quot;,&quot;xl&quot;:&quot;inherit&quot;}}\"><a href=\"https:\/\/dogaparkdis.com\/en\/uzm-dt-anil-aciklar-kavas\/\" target=\"_self\" title=\"An\u0131l A\u00e7\u0131klar KAVAS Foto Ekip\"><img decoding=\"async\" width=\"350\" height=\"300\" src=\"https:\/\/dogaparkdis.com\/wp-content\/uploads\/2021\/12\/Anil-Aciklar-KAVAS-Foto-Ekip.png\" class=\"attachment-full size-full\" alt=\"https:\/\/dogaparkdis.com\/wp-content\/uploads\/2021\/12\/Anil-Aciklar-KAVAS-Foto-Ekip.png\" data-full_image_src=\"https:\/\/dogaparkdis.com\/wp-content\/uploads\/2021\/12\/Anil-Aciklar-KAVAS-Foto-Ekip.png\" title=\"An\u0131l A\u00e7\u0131klar KAVAS Foto Ekip\" srcset=\"https:\/\/dogaparkdis.com\/wp-content\/uploads\/2021\/12\/Anil-Aciklar-KAVAS-Foto-Ekip.png 350w, https:\/\/dogaparkdis.com\/wp-content\/uploads\/2021\/12\/Anil-Aciklar-KAVAS-Foto-Ekip-320x274.png 320w\" sizes=\"(max-width: 350px) 100vw, 350px\" \/><\/a><\/div><div class=\"bt_bb_separator bt_bb_border_style_none bt_bb_bottom_spacing_small\" data-bt-override-class=\"null\"><\/div><header data-bb-version=\"4.5.5\" class=\"bt_bb_headline bt_bb_subheadline_text_transform_default bt_bb_color_scheme_17 bt_bb_dash_none bt_bb_subheadline bt_bb_size_small bt_bb_align_inherit bt_bb_dash_type_none\" style=\"; --primary-color:#333c4a; --secondary-color:#cbaf88;\" data-bt-override-class=\"{&quot;bt_bb_size_&quot;:{&quot;current_class&quot;:&quot;bt_bb_size_small&quot;,&quot;xxl&quot;:&quot;small&quot;},&quot;bt_bb_align_&quot;:{&quot;current_class&quot;:&quot;bt_bb_align_inherit&quot;,&quot;xxl&quot;:&quot;inherit&quot;}}\"><h3 class=\"bt_bb_headline_tag\"><span class=\"bt_bb_headline_content\"><span><a href=\"https:\/\/dogaparkdis.com\/en\/uzm-dt-anil-aciklar-kavas\/\" target=\"_self\" title=\"Uzm. Dt. An\u0131l A\u00e7\u0131klar KAVAS\">Uzm. Dt. An\u0131l A\u00e7\u0131klar <strong>KAVAS<\/strong><\/a><\/span><\/span><\/h3><div class=\"bt_bb_headline_subheadline\">Pedodonti (\u00c7ocuk Di\u015f Hekimli\u011fi) Uzman\u0131<\/div><\/header><div class=\"bt_bb_separator bt_bb_border_style_none bt_bb_bottom_spacing_small\" data-bt-override-class=\"null\"><\/div><\/div><\/div><div  class=\"bt_bb_column col-xxl-4 col-xl-4 bt_bb_vertical_align_top bt_bb_align_center bt_bb_padding_text_indent bt_bb_animation_fade_in bt_bb_animation_move_up animate\"  data-width=\"4\" data-bt-override-class=\"{}\"><div class=\"bt_bb_column_content\"><div class=\"bt_bb_icon bt_bb_color_scheme_6 bt_bb_style_filled bt_bb_size_xsmall bt_bb_shape_circle bt_bb_target_blank bt_bb_text_empty bt_bb_align_inherit\" style=\"padding-right: .5em;; --primary-color:#ffffff; --secondary-color:#cbaf88;\" data-bt-override-class=\"{&quot;bt_bb_size_&quot;:{&quot;current_class&quot;:&quot;bt_bb_size_xsmall&quot;,&quot;xxl&quot;:&quot;xsmall&quot;,&quot;xl&quot;:&quot;xsmall&quot;},&quot;bt_bb_align_&quot;:{&quot;current_class&quot;:&quot;bt_bb_align_inherit&quot;,&quot;xxl&quot;:&quot;inherit&quot;,&quot;xl&quot;:&quot;inherit&quot;}}\"><a href=\"https:\/\/kids.dogaparkdis.com\/dr-ercan-kavas\/\" target=\"_blank\" data-ico-fontawesome5brands=\"&#xf16d;\" class=\"bt_bb_icon_holder\"><\/a><\/div><div class=\"bt_bb_image bt_bb_shape_square bt_bb_target_self bt_bb_align_inherit bt_bb_hover_style_simple bt_bb_content_display_always bt_bb_content_align_middle\" style=\"max-width: 250px;\" data-bt-override-class=\"{&quot;bt_bb_align_&quot;:{&quot;current_class&quot;:&quot;bt_bb_align_inherit&quot;,&quot;xxl&quot;:&quot;inherit&quot;,&quot;xl&quot;:&quot;inherit&quot;}}\"><a href=\"https:\/\/dogaparkdis.com\/en\/uzm-dt-ercan-kavas\/\" target=\"_self\" title=\"Ercan KAVAS Foto Ekip\"><img decoding=\"async\" width=\"350\" height=\"300\" src=\"https:\/\/dogaparkdis.com\/wp-content\/uploads\/2021\/12\/Ercan-KAVAS-Foto-Ekip.png\" class=\"attachment-full size-full\" alt=\"https:\/\/dogaparkdis.com\/wp-content\/uploads\/2021\/12\/Ercan-KAVAS-Foto-Ekip.png\" data-full_image_src=\"https:\/\/dogaparkdis.com\/wp-content\/uploads\/2021\/12\/Ercan-KAVAS-Foto-Ekip.png\" title=\"Ercan KAVAS Foto Ekip\" srcset=\"https:\/\/dogaparkdis.com\/wp-content\/uploads\/2021\/12\/Ercan-KAVAS-Foto-Ekip.png 350w, https:\/\/dogaparkdis.com\/wp-content\/uploads\/2021\/12\/Ercan-KAVAS-Foto-Ekip-320x274.png 320w\" sizes=\"(max-width: 350px) 100vw, 350px\" \/><\/a><\/div><div class=\"bt_bb_separator bt_bb_border_style_none bt_bb_bottom_spacing_small\" data-bt-override-class=\"null\"><\/div><header data-bb-version=\"4.5.5\" class=\"bt_bb_headline bt_bb_subheadline_text_transform_default bt_bb_color_scheme_17 bt_bb_dash_none bt_bb_subheadline bt_bb_size_small bt_bb_align_inherit bt_bb_dash_type_none\" style=\"; --primary-color:#333c4a; --secondary-color:#cbaf88;\" data-bt-override-class=\"{&quot;bt_bb_size_&quot;:{&quot;current_class&quot;:&quot;bt_bb_size_small&quot;,&quot;xxl&quot;:&quot;small&quot;},&quot;bt_bb_align_&quot;:{&quot;current_class&quot;:&quot;bt_bb_align_inherit&quot;,&quot;xxl&quot;:&quot;inherit&quot;}}\"><h3 class=\"bt_bb_headline_tag\"><span class=\"bt_bb_headline_content\"><span><a href=\"https:\/\/dogaparkdis.com\/en\/uzm-dt-ercan-kavas\/\" target=\"_self\" title=\"Uzm. Dt. Ercan KAVAS\">Uzm. Dt. Ercan <strong>KAVAS<\/strong><\/a><\/span><\/span><\/h3><div class=\"bt_bb_headline_subheadline\">Endodonti (Kanal Tedavisi) Uzman\u0131<\/div><\/header><div class=\"bt_bb_separator bt_bb_border_style_none bt_bb_bottom_spacing_small\" data-bt-override-class=\"null\"><\/div><\/div><\/div><\/div><\/div><div class=\"bt_bb_row_wrapper\"><div  class=\"bt_bb_row\"  data-bt-override-class=\"{}\"><div  class=\"bt_bb_column col-xxl-3 col-xl-3 col-xs-12 col-sm-6 col-md-6 col-lg-3 bt_bb_vertical_align_top bt_bb_align_center bt_bb_padding_text_indent bt_bb_animation_fade_in bt_bb_animation_move_up animate\"  data-width=\"3\" data-bt-override-class=\"{}\"><div class=\"bt_bb_column_content\"><div class=\"bt_bb_separator bt_bb_border_style_none bt_bb_bottom_spacing_small\" data-bt-override-class=\"null\"><\/div><div data-bb-version=\"4.5.5\" class=\"bt_bb_image bt_bb_shape_square bt_bb_target_self bt_bb_align_inherit bt_bb_hover_style_simple bt_bb_content_display_always bt_bb_content_align_middle\" style=\"max-width: 250px;\" data-bt-override-class=\"{&quot;bt_bb_align_&quot;:{&quot;current_class&quot;:&quot;bt_bb_align_inherit&quot;,&quot;xxl&quot;:&quot;inherit&quot;}}\"><a href=\"https:\/\/dogaparkdis.com\/en\/uzm-dt-feride-sahin\/\" target=\"_self\" title=\"dt feride s\u0327ahin\"><img decoding=\"async\" width=\"350\" height=\"300\" src=\"https:\/\/dogaparkdis.com\/wp-content\/uploads\/2024\/03\/dt-feride-sahin.png\" class=\"attachment-full size-full\" alt=\"https:\/\/dogaparkdis.com\/wp-content\/uploads\/2024\/03\/dt-feride-sahin.png\" data-full_image_src=\"https:\/\/dogaparkdis.com\/wp-content\/uploads\/2024\/03\/dt-feride-sahin.png\" title=\"dt feride s\u0327ahin\" srcset=\"https:\/\/dogaparkdis.com\/wp-content\/uploads\/2024\/03\/dt-feride-sahin.png 350w, https:\/\/dogaparkdis.com\/wp-content\/uploads\/2024\/03\/dt-feride-sahin-320x274.png 320w\" sizes=\"(max-width: 350px) 100vw, 350px\" \/><\/a><\/div><div class=\"bt_bb_separator bt_bb_border_style_none bt_bb_bottom_spacing_small\" data-bt-override-class=\"null\"><\/div><header data-bb-version=\"4.5.5\" class=\"bt_bb_headline bt_bb_subheadline_text_transform_default bt_bb_color_scheme_17 bt_bb_dash_none bt_bb_subheadline bt_bb_size_small bt_bb_align_inherit bt_bb_dash_type_none\" style=\"; --primary-color:#333c4a; --secondary-color:#cbaf88;\" data-bt-override-class=\"{&quot;bt_bb_size_&quot;:{&quot;current_class&quot;:&quot;bt_bb_size_small&quot;,&quot;xxl&quot;:&quot;small&quot;},&quot;bt_bb_align_&quot;:{&quot;current_class&quot;:&quot;bt_bb_align_inherit&quot;,&quot;xxl&quot;:&quot;inherit&quot;}}\"><h3 class=\"bt_bb_headline_tag\"><span class=\"bt_bb_headline_content\"><span><a href=\"https:\/\/dogaparkdis.com\/en\/uzm-dt-feride-sahin\/\" target=\"_self\" title=\"Uzm. Dt. Feride \u015eAH\u0130N\">Uzm. Dt. Feride <strong>\u015eAH\u0130N<\/strong><\/a><\/span><\/span><\/h3><div class=\"bt_bb_headline_subheadline\">Pedodonti (\u00c7ocuk Di\u015f Hekimli\u011fi) Uzman\u0131<\/div><\/header><div class=\"bt_bb_separator bt_bb_border_style_none bt_bb_bottom_spacing_small\" data-bt-override-class=\"null\"><\/div><\/div><\/div><div  class=\"bt_bb_column col-xxl-3 col-xl-3 col-xs-12 col-sm-6 col-md-6 col-lg-3 bt_bb_vertical_align_top bt_bb_align_center bt_bb_padding_text_indent bt_bb_animation_fade_in bt_bb_animation_move_up animate\"  data-width=\"3\" data-bt-override-class=\"{}\"><div class=\"bt_bb_column_content\"><div class=\"bt_bb_separator bt_bb_border_style_none bt_bb_bottom_spacing_small\" data-bt-override-class=\"null\"><\/div><div data-bb-version=\"4.5.5\" class=\"bt_bb_image bt_bb_shape_square bt_bb_target_self bt_bb_align_inherit bt_bb_hover_style_simple bt_bb_content_display_always bt_bb_content_align_middle\" style=\"max-width: 250px;\" data-bt-override-class=\"{&quot;bt_bb_align_&quot;:{&quot;current_class&quot;:&quot;bt_bb_align_inherit&quot;,&quot;xxl&quot;:&quot;inherit&quot;}}\"><a href=\"https:\/\/dogaparkdis.com\/en\/dt-elif-altindal\/\" target=\"_self\" title=\"DSC04870-2-min\"><img decoding=\"async\" width=\"233\" height=\"231\" src=\"https:\/\/dogaparkdis.com\/wp-content\/uploads\/2024\/05\/DSC04870-2-min-e1716818262473.png\" class=\"attachment-full size-full\" alt=\"https:\/\/dogaparkdis.com\/wp-content\/uploads\/2024\/05\/DSC04870-2-min-e1716818262473.png\" data-full_image_src=\"https:\/\/dogaparkdis.com\/wp-content\/uploads\/2024\/05\/DSC04870-2-min-e1716818262473.png\" title=\"DSC04870-2-min\" srcset=\"https:\/\/dogaparkdis.com\/wp-content\/uploads\/2024\/05\/DSC04870-2-min-e1716818262473.png 233w, https:\/\/dogaparkdis.com\/wp-content\/uploads\/2024\/05\/DSC04870-2-min-e1716818262473-160x160.png 160w\" sizes=\"(max-width: 233px) 100vw, 233px\" \/><\/a><\/div><div class=\"bt_bb_separator bt_bb_border_style_none bt_bb_bottom_spacing_small\" data-bt-override-class=\"null\"><\/div><header data-bb-version=\"4.5.5\" class=\"bt_bb_headline bt_bb_subheadline_text_transform_default bt_bb_color_scheme_17 bt_bb_dash_none bt_bb_subheadline bt_bb_size_small bt_bb_align_inherit bt_bb_dash_type_none\" style=\"; --primary-color:#333c4a; --secondary-color:#cbaf88;\" data-bt-override-class=\"{&quot;bt_bb_size_&quot;:{&quot;current_class&quot;:&quot;bt_bb_size_small&quot;,&quot;xxl&quot;:&quot;small&quot;},&quot;bt_bb_align_&quot;:{&quot;current_class&quot;:&quot;bt_bb_align_inherit&quot;,&quot;xxl&quot;:&quot;inherit&quot;}}\"><h3 class=\"bt_bb_headline_tag\"><span class=\"bt_bb_headline_content\"><span><a href=\"https:\/\/dogaparkdis.com\/en\/dt-elif-altindal\/\" target=\"_self\" title=\"Dt. Elif ALTINDAL\">Dt. Elif <strong>ALTINDAL<\/strong><\/a><\/span><\/span><\/h3><div class=\"bt_bb_headline_subheadline\">Pedodonti (\u00c7ocuk Di\u015f Hekimli\u011fi) Uzman\u0131<\/div><\/header><div class=\"bt_bb_separator bt_bb_border_style_none bt_bb_bottom_spacing_small\" data-bt-override-class=\"null\"><\/div><\/div><\/div><div  class=\"bt_bb_column col-xxl-3 col-xl-3 col-xs-12 col-sm-6 col-md-6 col-lg-3 bt_bb_vertical_align_top bt_bb_align_center bt_bb_padding_text_indent bt_bb_animation_fade_in bt_bb_animation_move_up animate\"  data-width=\"3\" data-bt-override-class=\"{}\"><div class=\"bt_bb_column_content\"><div class=\"bt_bb_separator bt_bb_border_style_none bt_bb_bottom_spacing_small\" data-bt-override-class=\"null\"><\/div><div data-bb-version=\"4.5.5\" class=\"bt_bb_image bt_bb_shape_square bt_bb_target_self bt_bb_align_inherit bt_bb_hover_style_simple bt_bb_content_display_always bt_bb_content_align_middle\" style=\"max-width: 250px;\" data-bt-override-class=\"{&quot;bt_bb_align_&quot;:{&quot;current_class&quot;:&quot;bt_bb_align_inherit&quot;,&quot;xxl&quot;:&quot;inherit&quot;}}\"><span><img decoding=\"async\" width=\"3375\" height=\"3375\" src=\"https:\/\/dogaparkdis.com\/wp-content\/uploads\/2023\/09\/Adsiz-tasarim-1-1.png\" class=\"attachment-full size-full\" alt=\"https:\/\/dogaparkdis.com\/wp-content\/uploads\/2023\/09\/Adsiz-tasarim-1-1.png\" data-full_image_src=\"https:\/\/dogaparkdis.com\/wp-content\/uploads\/2023\/09\/Adsiz-tasarim-1-1.png\" title=\"Ads\u0131z tasar\u0131m (1)\" srcset=\"https:\/\/dogaparkdis.com\/wp-content\/uploads\/2023\/09\/Adsiz-tasarim-1-1.png 3375w, https:\/\/dogaparkdis.com\/wp-content\/uploads\/2023\/09\/Adsiz-tasarim-1-1-640x640.png 640w, https:\/\/dogaparkdis.com\/wp-content\/uploads\/2023\/09\/Adsiz-tasarim-1-1-1280x1280.png 1280w, https:\/\/dogaparkdis.com\/wp-content\/uploads\/2023\/09\/Adsiz-tasarim-1-1-160x160.png 160w, https:\/\/dogaparkdis.com\/wp-content\/uploads\/2023\/09\/Adsiz-tasarim-1-1-768x768.png 768w, https:\/\/dogaparkdis.com\/wp-content\/uploads\/2023\/09\/Adsiz-tasarim-1-1-1536x1536.png 1536w, https:\/\/dogaparkdis.com\/wp-content\/uploads\/2023\/09\/Adsiz-tasarim-1-1-2048x2048.png 2048w, https:\/\/dogaparkdis.com\/wp-content\/uploads\/2023\/09\/Adsiz-tasarim-1-1-320x320.png 320w\" sizes=\"(max-width: 3375px) 100vw, 3375px\" \/><\/span><\/div><div class=\"bt_bb_separator bt_bb_border_style_none bt_bb_bottom_spacing_small\" data-bt-override-class=\"null\"><\/div><header data-bb-version=\"4.5.5\" class=\"bt_bb_headline bt_bb_subheadline_text_transform_default bt_bb_color_scheme_17 bt_bb_dash_none bt_bb_subheadline bt_bb_size_small bt_bb_align_inherit bt_bb_dash_type_none\" style=\"; --primary-color:#333c4a; --secondary-color:#cbaf88;\" data-bt-override-class=\"{&quot;bt_bb_size_&quot;:{&quot;current_class&quot;:&quot;bt_bb_size_small&quot;,&quot;xxl&quot;:&quot;small&quot;},&quot;bt_bb_align_&quot;:{&quot;current_class&quot;:&quot;bt_bb_align_inherit&quot;,&quot;xxl&quot;:&quot;inherit&quot;}}\"><h3 class=\"bt_bb_headline_tag\"><span class=\"bt_bb_headline_content\"><span>Ebrar <strong>\u00c7OBAN<\/strong><\/span><\/span><\/h3><div class=\"bt_bb_headline_subheadline\">Klinik Koordinat\u00f6r\u00fc<\/div><\/header><div class=\"bt_bb_separator bt_bb_border_style_none bt_bb_bottom_spacing_small\" data-bt-override-class=\"null\"><\/div><\/div><\/div><div  class=\"bt_bb_column col-xxl-3 col-xl-3 col-xs-12 col-sm-6 col-md-6 col-lg-3 bt_bb_vertical_align_top bt_bb_align_center bt_bb_padding_text_indent bt_bb_animation_fade_in bt_bb_animation_move_up animate\"  data-width=\"3\" data-bt-override-class=\"{}\"><div class=\"bt_bb_column_content\"><div class=\"bt_bb_separator bt_bb_border_style_none bt_bb_bottom_spacing_small\" data-bt-override-class=\"null\"><\/div><div data-bb-version=\"4.5.5\" class=\"bt_bb_image bt_bb_shape_square bt_bb_target_self bt_bb_align_inherit bt_bb_hover_style_simple bt_bb_content_display_always bt_bb_content_align_middle\" style=\"max-width: 250px;\" data-bt-override-class=\"{&quot;bt_bb_align_&quot;:{&quot;current_class&quot;:&quot;bt_bb_align_inherit&quot;,&quot;xxl&quot;:&quot;inherit&quot;}}\"><span><img decoding=\"async\" width=\"540\" height=\"540\" src=\"https:\/\/dogaparkdis.com\/wp-content\/uploads\/2023\/10\/Adsiz-tasarim-4.png\" class=\"attachment-full size-full\" alt=\"https:\/\/dogaparkdis.com\/wp-content\/uploads\/2023\/10\/Adsiz-tasarim-4.png\" data-full_image_src=\"https:\/\/dogaparkdis.com\/wp-content\/uploads\/2023\/10\/Adsiz-tasarim-4.png\" title=\"Ads\u0131z tasar\u0131m (4)\" srcset=\"https:\/\/dogaparkdis.com\/wp-content\/uploads\/2023\/10\/Adsiz-tasarim-4.png 540w, https:\/\/dogaparkdis.com\/wp-content\/uploads\/2023\/10\/Adsiz-tasarim-4-160x160.png 160w, https:\/\/dogaparkdis.com\/wp-content\/uploads\/2023\/10\/Adsiz-tasarim-4-320x320.png 320w\" sizes=\"(max-width: 540px) 100vw, 540px\" \/><\/span><\/div><div class=\"bt_bb_separator bt_bb_border_style_none bt_bb_bottom_spacing_small\" data-bt-override-class=\"null\"><\/div><header class=\"bt_bb_headline bt_bb_color_scheme_17 bt_bb_dash_none bt_bb_subheadline bt_bb_size_small bt_bb_align_inherit bt_bb_dash_type_none\" style=\"; --primary-color:#333c4a; --secondary-color:#cbaf88;\" data-bt-override-class=\"{&quot;bt_bb_align_&quot;:{&quot;current_class&quot;:&quot;bt_bb_align_inherit&quot;,&quot;xxl&quot;:&quot;inherit&quot;,&quot;xl&quot;:&quot;inherit&quot;}}\"><h3 class=\"bt_bb_headline_tag\"><span class=\"bt_bb_headline_content\"><span>Elmiray <strong>KAYA<\/strong><\/span><\/span><\/h3><div class=\"bt_bb_headline_subheadline\">Banko Sorumlusu <\/div><\/header><div class=\"bt_bb_separator bt_bb_border_style_none bt_bb_bottom_spacing_small\" data-bt-override-class=\"null\"><\/div><\/div><\/div><\/div><\/div><div class=\"bt_bb_row_wrapper\"><div  class=\"bt_bb_row\"  data-bt-override-class=\"{}\"><div  class=\"bt_bb_column col-xxl-4 col-xl-4 bt_bb_vertical_align_top bt_bb_align_center bt_bb_padding_text_indent bt_bb_animation_fade_in bt_bb_animation_move_up animate\"  data-width=\"4\" data-bt-override-class=\"{}\"><div class=\"bt_bb_column_content\"><div class=\"bt_bb_separator bt_bb_border_style_none bt_bb_bottom_spacing_small\" data-bt-override-class=\"null\"><\/div><div class=\"bt_bb_separator bt_bb_border_style_none bt_bb_bottom_spacing_small\" data-bt-override-class=\"null\"><\/div><\/div><\/div><div  class=\"bt_bb_column col-xxl-4 col-xl-4 bt_bb_vertical_align_top bt_bb_align_center bt_bb_padding_text_indent bt_bb_animation_fade_in bt_bb_animation_move_up animate\"  data-width=\"4\" data-bt-override-class=\"{}\"><div class=\"bt_bb_column_content\"><\/div><\/div><div  class=\"bt_bb_column col-xxl-4 col-xl-4 bt_bb_vertical_align_top bt_bb_align_center bt_bb_padding_text_indent bt_bb_animation_fade_in bt_bb_animation_move_up animate\"  data-width=\"4\" data-bt-override-class=\"{}\"><div class=\"bt_bb_column_content\"><\/div><\/div><\/div><\/div><\/div><!-- cell_inner --><\/div><!-- cell --><\/div><!-- port --><\/section>","protected":false},"excerpt":{"rendered":"<p>Efficiently myocardinate market-driven innovation via open-source alignments. Dramatically engage high-payoff infomediaries rather than client-centric imperatives. Efficiently initiate world-class applications after client-centric infomediaries.<\/p>\n","protected":false},"author":1,"featured_media":0,"parent":0,"menu_order":12,"comment_status":"closed","ping_status":"closed","template":"","meta":{"footnotes":""},"class_list":["post-3922","page","type-page","status-publish","hentry"],"_links":{"self":[{"href":"https:\/\/dogaparkdis.com\/en\/wp-json\/wp\/v2\/pages\/3922","targetHints":{"allow":["GET"]}}],"collection":[{"href":"https:\/\/dogaparkdis.com\/en\/wp-json\/wp\/v2\/pages"}],"about":[{"href":"https:\/\/dogaparkdis.com\/en\/wp-json\/wp\/v2\/types\/page"}],"author":[{"embeddable":true,"href":"https:\/\/dogaparkdis.com\/en\/wp-json\/wp\/v2\/users\/1"}],"replies":[{"embeddable":true,"href":"https:\/\/dogaparkdis.com\/en\/wp-json\/wp\/v2\/comments?post=3922"}],"version-history":[{"count":14,"href":"https:\/\/dogaparkdis.com\/en\/wp-json\/wp\/v2\/pages\/3922\/revisions"}],"predecessor-version":[{"id":5298,"href":"https:\/\/dogaparkdis.com\/en\/wp-json\/wp\/v2\/pages\/3922\/revisions\/5298"}],"wp:attachment":[{"href":"https:\/\/dogaparkdis.com\/en\/wp-json\/wp\/v2\/media?parent=3922"}],"curies":[{"name":"wp","href":"https:\/\/api.w.org\/{rel}","templated":true}]}}