{"id":3917,"date":"2022-02-16T15:03:57","date_gmt":"2022-02-16T12:03:57","guid":{"rendered":"https:\/\/dogaparkdis.com\/institutional\/"},"modified":"2022-02-16T15:10:14","modified_gmt":"2022-02-16T12:10:14","slug":"institutional","status":"publish","type":"page","link":"https:\/\/dogaparkdis.com\/en\/institutional\/","title":{"rendered":"Institutional"},"content":{"rendered":"<section id=\"bt_bb_section69de2599c0e38\" class=\"bt_bb_section bt_bb_color_scheme_6 bt_bb_layout_boxed_1200 bt_bb_vertical_align_top bt_bb_bottom_section_coverage_image bt_bb_section_with_bottom_coverage_image bt_bb_top_spacing_medium btCustomHeadlineSection\" style=\"; --section-primary-color:#ffffff; --section-secondary-color:#cbaf88;\" data-bt-override-class=\"null\"><div class=\"bt_bb_background_image_holder_wrapper\"><div class=\"bt_bb_background_image_holder btLazyLoadBackground bt_bb_parallax\"  data-background_image_src=\"https:\/\/dogaparkdis.com\/wp-content\/uploads\/2020\/05\/bgn-blurb-1.png\" data-parallax=\"0.6\" data-parallax-offset=\"0\" data-parallax-zoom-start=\"1\" data-parallax-zoom-end=\"1\" data-parallax-blur-start=\"0\" data-parallax-blur-end=\"0\" data-parallax-opacity-start=\"1\" data-parallax-opacity-end=\"1\" style=\" background-image: url(&#039;https:\/\/dogaparkdis.com\/wp-content\/plugins\/bold-page-builder\/img\/blank.gif&#039;);\"><\/div><\/div><div class=\"bt_bb_port\"><div class=\"bt_bb_cell\"><div class=\"bt_bb_cell_inner\"><div class=\"bt_bb_row_wrapper\"><div  class=\"bt_bb_row\"  data-bt-override-class=\"{}\"><div  class=\"bt_bb_column col-xxl-12 col-xl-12 bt_bb_vertical_align_bottom bt_bb_align_left bt_bb_padding_normal\"  data-width=\"12\" data-bt-override-class=\"{}\"><div class=\"bt_bb_column_content\"><div class=\"bt_bb_separator bt_bb_border_style_none bt_bb_bottom_spacing_medium\" data-bt-override-class=\"null\"><\/div><header class=\"bt_bb_headline bt_bb_font_weight_bold bt_bb_dash_none bt_bb_size_normal bt_bb_align_center bt_bb_dash_type_none\" data-bt-override-class=\"{&quot;bt_bb_align_&quot;:{&quot;current_class&quot;:&quot;bt_bb_align_center&quot;,&quot;xxl&quot;:&quot;center&quot;,&quot;xl&quot;:&quot;center&quot;}}\"><h1 class=\"bt_bb_headline_tag\"><span class=\"bt_bb_headline_content\"><span><em><s>Institutional<\/s><\/em><\/span><\/span><\/h1><\/header><div class=\"bt_bb_separator bt_bb_border_style_none bt_bb_bottom_spacing_large\" data-bt-override-class=\"null\"><\/div><\/div><\/div><\/div><\/div><\/div><!-- cell_inner --><\/div><!-- cell --><\/div><!-- port --><div class=\"bt_bb_section_bottom_section_coverage_image\"><img decoding=\"async\" src=\"https:\/\/dogaparkdis.com\/wp-content\/uploads\/2020\/01\/bottom-cover-2.png\" alt=\"bt_bb_section_bottom_section_coverage_image\" \/><\/div><\/section><section id=\"bt_bb_section69de2599c13eb\" class=\"bt_bb_section bt_bb_layout_boxed_1200 bt_bb_vertical_align_top bt_bb_top_spacing_normal bt_bb_bottom_spacing_normal\"  data-bt-override-class=\"null\"><div class=\"bt_bb_port\"><div class=\"bt_bb_cell\"><div class=\"bt_bb_cell_inner\"><div class=\"bt_bb_row_wrapper\"><div  class=\"bt_bb_row\"  data-bt-override-class=\"{}\"><div  class=\"bt_bb_column col-xxl-12 col-xl-12 bt_bb_vertical_align_middle bt_bb_align_left bt_bb_padding_normal bt_bb_animation_fade_in animate\"  data-width=\"12\" data-bt-override-class=\"{}\"><div class=\"bt_bb_column_content\"><div class=\"bt_bb_separator bt_bb_border_style_none bt_bb_bottom_spacing_small\" data-bt-override-class=\"null\"><\/div><div class=\"bt_bb_image bt_bb_shape_square bt_bb_target_self bt_bb_align_inherit bt_bb_hover_style_simple bt_bb_content_display_always bt_bb_content_align_middle\" data-bt-override-class=\"{&quot;bt_bb_align_&quot;:{&quot;current_class&quot;:&quot;bt_bb_align_inherit&quot;,&quot;xxl&quot;:&quot;inherit&quot;,&quot;xl&quot;:&quot;inherit&quot;,&quot;lg&quot;:&quot;center&quot;,&quot;md&quot;:&quot;center&quot;,&quot;sm&quot;:&quot;center&quot;,&quot;xs&quot;:&quot;center&quot;}}\"><span><img decoding=\"async\" width=\"2000\" height=\"1041\" src=\"https:\/\/dogaparkdis.com\/wp-content\/uploads\/2021\/12\/Dogapark-Hakkimizda-v2.jpg\" class=\"attachment-full size-full\" alt=\"https:\/\/dogaparkdis.com\/wp-content\/uploads\/2021\/12\/Dogapark-Hakkimizda-v2.jpg\" data-full_image_src=\"https:\/\/dogaparkdis.com\/wp-content\/uploads\/2021\/12\/Dogapark-Hakkimizda-v2.jpg\" title=\"Dogapark Hakkimizda v2\" srcset=\"https:\/\/dogaparkdis.com\/wp-content\/uploads\/2021\/12\/Dogapark-Hakkimizda-v2.jpg 2000w, https:\/\/dogaparkdis.com\/wp-content\/uploads\/2021\/12\/Dogapark-Hakkimizda-v2-640x333.jpg 640w, https:\/\/dogaparkdis.com\/wp-content\/uploads\/2021\/12\/Dogapark-Hakkimizda-v2-1280x666.jpg 1280w, https:\/\/dogaparkdis.com\/wp-content\/uploads\/2021\/12\/Dogapark-Hakkimizda-v2-768x400.jpg 768w, https:\/\/dogaparkdis.com\/wp-content\/uploads\/2021\/12\/Dogapark-Hakkimizda-v2-1536x799.jpg 1536w, https:\/\/dogaparkdis.com\/wp-content\/uploads\/2021\/12\/Dogapark-Hakkimizda-v2-320x167.jpg 320w\" sizes=\"(max-width: 2000px) 100vw, 2000px\" \/><\/span><\/div><\/div><\/div><\/div><\/div><\/div><!-- cell_inner --><\/div><!-- cell --><\/div><!-- port --><\/section><section id=\"bt_bb_section69de2599c1dde\" class=\"bt_bb_section bt_bb_layout_boxed_1200 bt_bb_vertical_align_top bt_bb_top_spacing_normal bt_bb_bottom_spacing_normal\"  data-bt-override-class=\"null\"><div class=\"bt_bb_port\"><div class=\"bt_bb_cell\"><div class=\"bt_bb_cell_inner\"><div class=\"bt_bb_row_wrapper\"><div  class=\"bt_bb_row\"  data-bt-override-class=\"{}\"><div  class=\"bt_bb_column col-xxl-12 col-xl-12 bt_bb_vertical_align_middle bt_bb_align_left bt_bb_padding_normal bt_bb_animation_fade_in animate\"  data-width=\"12\" data-bt-override-class=\"{}\"><div class=\"bt_bb_column_content\"><div class=\"bt_bb_separator bt_bb_border_style_none bt_bb_bottom_spacing_small\" data-bt-override-class=\"null\"><\/div><div  class=\"bt_bb_text\" ><p style=\"text-align: justify;\"><strong>Do\u011fapark Oral and Dental Health Center<\/strong><\/p>\n<p style=\"text-align: justify;\">Do\u011fapark Dental Clinic was opened on the Do\u011fa Park Street, which is the most decent area of Bah\u00e7e\u015fehir. Our clinic is equipped with advanced technological tools and provides service with its specialized dentist staff.<\/p>\n<p style=\"text-align: justify;\">Since we believe in the importance of Pediatric Dentistry, the clinic includes Do\u011fapark Kids, where our pediatric patients will be examined and treated. There is a playground and a virtual aquarium in this area, where our pedodontist (Pediatric dentistry) performs pediatric dental treatments.<\/p>\n<p style=\"text-align: justify;\">Knowing the importance of dental health, we provide professional service in line with international service standards, friendly and observing patient rights.<\/p>\n<p style=\"text-align: justify;\">By prioritizing patient and employee safety, patient-oriented, respectful to human rights, sensitive to the environment, closely following the scientific and technological developments in the field of health, being aware of our social responsibility with our innovative and creative identity, we provide the highest level of quality and professional healthcare to patients from all over the country and abroad.<\/p>\n<\/div><\/div><\/div><\/div><\/div><\/div><!-- cell_inner --><\/div><!-- cell --><\/div><!-- port --><\/section>","protected":false},"excerpt":{"rendered":"<p>Proactively envisioned multimedia based expertise and cross-media growth strategies. Seamlessly visualize quality intellectual capital without superior collaboration and idea-sharing. Holistically pontificate installed base portals after maintainable products.<\/p>\n","protected":false},"author":1,"featured_media":0,"parent":0,"menu_order":14,"comment_status":"closed","ping_status":"closed","template":"","meta":{"footnotes":""},"class_list":["post-3917","page","type-page","status-publish","hentry"],"_links":{"self":[{"href":"https:\/\/dogaparkdis.com\/en\/wp-json\/wp\/v2\/pages\/3917","targetHints":{"allow":["GET"]}}],"collection":[{"href":"https:\/\/dogaparkdis.com\/en\/wp-json\/wp\/v2\/pages"}],"about":[{"href":"https:\/\/dogaparkdis.com\/en\/wp-json\/wp\/v2\/types\/page"}],"author":[{"embeddable":true,"href":"https:\/\/dogaparkdis.com\/en\/wp-json\/wp\/v2\/users\/1"}],"replies":[{"embeddable":true,"href":"https:\/\/dogaparkdis.com\/en\/wp-json\/wp\/v2\/comments?post=3917"}],"version-history":[{"count":0,"href":"https:\/\/dogaparkdis.com\/en\/wp-json\/wp\/v2\/pages\/3917\/revisions"}],"wp:attachment":[{"href":"https:\/\/dogaparkdis.com\/en\/wp-json\/wp\/v2\/media?parent=3917"}],"curies":[{"name":"wp","href":"https:\/\/api.w.org\/{rel}","templated":true}]}}