{"id":5081,"date":"2024-03-19T10:41:52","date_gmt":"2024-03-19T07:41:52","guid":{"rendered":"https:\/\/dogaparkdis.com\/?page_id=5081"},"modified":"2024-03-19T10:43:32","modified_gmt":"2024-03-19T07:43:32","slug":"unternehmen","status":"publish","type":"page","link":"https:\/\/dogaparkdis.com\/de\/unternehmen\/","title":{"rendered":"Unternehmen"},"content":{"rendered":"<section id=\"bt_bb_section69de54a2100ed\" class=\"bt_bb_section bt_bb_color_scheme_6 bt_bb_layout_boxed_1200 bt_bb_vertical_align_top bt_bb_bottom_section_coverage_image bt_bb_section_with_bottom_coverage_image bt_bb_top_spacing_medium btCustomHeadlineSection\" style=\"; --section-primary-color:#ffffff; --section-secondary-color:#cbaf88;\" data-bt-override-class=\"null\"><div class=\"bt_bb_background_image_holder_wrapper\"><div class=\"bt_bb_background_image_holder btLazyLoadBackground bt_bb_parallax\"  data-background_image_src=\"https:\/\/dogaparkdis.com\/wp-content\/uploads\/2020\/05\/bgn-blurb-1.png\" data-parallax=\"0.6\" data-parallax-offset=\"0\" data-parallax-zoom-start=\"1\" data-parallax-zoom-end=\"1\" data-parallax-blur-start=\"0\" data-parallax-blur-end=\"0\" data-parallax-opacity-start=\"1\" data-parallax-opacity-end=\"1\" style=\" background-image: url(&#039;https:\/\/dogaparkdis.com\/wp-content\/plugins\/bold-page-builder\/img\/blank.gif&#039;);\"><\/div><\/div><div class=\"bt_bb_port\"><div class=\"bt_bb_cell\"><div class=\"bt_bb_cell_inner\"><div class=\"bt_bb_row_wrapper\"><div  class=\"bt_bb_row\"  data-bt-override-class=\"{}\"><div  class=\"bt_bb_column col-xxl-12 col-xl-12 bt_bb_vertical_align_bottom bt_bb_align_left bt_bb_padding_normal\"  data-width=\"12\" data-bt-override-class=\"{}\"><div class=\"bt_bb_column_content\"><div class=\"bt_bb_separator bt_bb_border_style_none bt_bb_bottom_spacing_medium\" data-bt-override-class=\"null\"><\/div><header class=\"bt_bb_headline bt_bb_font_weight_bold bt_bb_dash_none bt_bb_size_normal bt_bb_align_center bt_bb_dash_type_none\" data-bt-override-class=\"{&quot;bt_bb_align_&quot;:{&quot;current_class&quot;:&quot;bt_bb_align_center&quot;,&quot;xxl&quot;:&quot;center&quot;,&quot;xl&quot;:&quot;center&quot;}}\"><h1 class=\"bt_bb_headline_tag\"><span class=\"bt_bb_headline_content\"><span><em><s>Unternehmen<\/s><\/em><\/span><\/span><\/h1><\/header><div class=\"bt_bb_separator bt_bb_border_style_none bt_bb_bottom_spacing_large\" data-bt-override-class=\"null\"><\/div><\/div><\/div><\/div><\/div><\/div><!-- cell_inner --><\/div><!-- cell --><\/div><!-- port --><div class=\"bt_bb_section_bottom_section_coverage_image\"><img decoding=\"async\" src=\"https:\/\/dogaparkdis.com\/wp-content\/uploads\/2020\/01\/bottom-cover-2.png\" alt=\"bt_bb_section_bottom_section_coverage_image\" \/><\/div><\/section><section id=\"bt_bb_section69de54a210718\" class=\"bt_bb_section bt_bb_layout_boxed_1200 bt_bb_vertical_align_top bt_bb_top_spacing_normal bt_bb_bottom_spacing_normal\"  data-bt-override-class=\"null\"><div class=\"bt_bb_port\"><div class=\"bt_bb_cell\"><div class=\"bt_bb_cell_inner\"><div class=\"bt_bb_row_wrapper\"><div  class=\"bt_bb_row\"  data-bt-override-class=\"{}\"><div  class=\"bt_bb_column col-xxl-12 col-xl-12 bt_bb_vertical_align_middle bt_bb_align_left bt_bb_padding_normal bt_bb_animation_fade_in animate\"  data-width=\"12\" data-bt-override-class=\"{}\"><div class=\"bt_bb_column_content\"><div class=\"bt_bb_separator bt_bb_border_style_none bt_bb_bottom_spacing_small\" data-bt-override-class=\"null\"><\/div><div class=\"bt_bb_image bt_bb_shape_square bt_bb_target_self bt_bb_align_inherit bt_bb_hover_style_simple bt_bb_content_display_always bt_bb_content_align_middle\" data-bt-override-class=\"{&quot;bt_bb_align_&quot;:{&quot;current_class&quot;:&quot;bt_bb_align_inherit&quot;,&quot;xxl&quot;:&quot;inherit&quot;,&quot;xl&quot;:&quot;inherit&quot;,&quot;lg&quot;:&quot;center&quot;,&quot;md&quot;:&quot;center&quot;,&quot;sm&quot;:&quot;center&quot;,&quot;xs&quot;:&quot;center&quot;}}\"><span><img decoding=\"async\" width=\"1875\" height=\"1250\" src=\"https:\/\/dogaparkdis.com\/wp-content\/uploads\/2023\/09\/Adsiz-3000-x-2000-piksel-2-1.png\" class=\"attachment-full size-full\" alt=\"https:\/\/dogaparkdis.com\/wp-content\/uploads\/2023\/09\/Adsiz-3000-x-2000-piksel-2-1.png\" data-full_image_src=\"https:\/\/dogaparkdis.com\/wp-content\/uploads\/2023\/09\/Adsiz-3000-x-2000-piksel-2-1.png\" title=\"Ads\u0131z (3000 x 2000 piksel)-2\" srcset=\"https:\/\/dogaparkdis.com\/wp-content\/uploads\/2023\/09\/Adsiz-3000-x-2000-piksel-2-1.png 1875w, https:\/\/dogaparkdis.com\/wp-content\/uploads\/2023\/09\/Adsiz-3000-x-2000-piksel-2-1-640x427.png 640w, https:\/\/dogaparkdis.com\/wp-content\/uploads\/2023\/09\/Adsiz-3000-x-2000-piksel-2-1-1280x853.png 1280w, https:\/\/dogaparkdis.com\/wp-content\/uploads\/2023\/09\/Adsiz-3000-x-2000-piksel-2-1-768x512.png 768w, https:\/\/dogaparkdis.com\/wp-content\/uploads\/2023\/09\/Adsiz-3000-x-2000-piksel-2-1-1536x1024.png 1536w, https:\/\/dogaparkdis.com\/wp-content\/uploads\/2023\/09\/Adsiz-3000-x-2000-piksel-2-1-320x213.png 320w\" sizes=\"(max-width: 1875px) 100vw, 1875px\" \/><\/span><\/div><\/div><\/div><\/div><\/div><\/div><!-- cell_inner --><\/div><!-- cell --><\/div><!-- port --><\/section><section id=\"bt_bb_section69de54a2112c5\" class=\"bt_bb_section bt_bb_layout_boxed_1200 bt_bb_vertical_align_top bt_bb_top_spacing_normal bt_bb_bottom_spacing_normal\"  data-bt-override-class=\"null\"><div class=\"bt_bb_port\"><div class=\"bt_bb_cell\"><div class=\"bt_bb_cell_inner\"><div class=\"bt_bb_row_wrapper\"><div  class=\"bt_bb_row\"  data-bt-override-class=\"{}\"><div  class=\"bt_bb_column col-xxl-12 col-xl-12 bt_bb_vertical_align_middle bt_bb_align_left bt_bb_padding_normal bt_bb_animation_fade_in animate\"  data-width=\"12\" data-bt-override-class=\"{}\"><div class=\"bt_bb_column_content\"><div class=\"bt_bb_separator bt_bb_border_style_none bt_bb_bottom_spacing_small\" data-bt-override-class=\"null\"><\/div><div  class=\"bt_bb_text\" ><p style=\"text-align: justify\"><strong>DO\u011eAPARKZentrum f\u00fcr Mund- und Zahngesundheit<\/strong><\/p>\n<p>Die Do\u011fapark-Zahnklinik wurde in der Do\u011fa Park Street, der anst\u00e4ndigsten Gegend von Bah\u00e7e\u015fehir, er\u00f6ffnet. Unsere Klinik ist mit fortschrittlichen technischen Ger\u00e4ten ausgestattet und verf\u00fcgt \u00fcber fachkundiges \u00e4rztliches Personal.<\/p>\n<p>Da wir von der Bedeutung der Kinderzahnheilkunde \u00fcberzeugt sind, verf\u00fcgt die Klinik \u00fcber den Do\u011fapark Kids, wo unsere kleinen Patienten untersucht und behandelt werden. In diesem Bereich gibt es einen Spielplatz und ein virtuelles Aquarium, in dem unser Facharzt f\u00fcr P\u00e4dodontie (Kinderzahnheilkunde) Kinderzahnbehandlungen durchf\u00fchrt.<\/p>\n<p>Da wir wissen, wie wichtig die Zahngesundheit ist, bieten wir einen professionellen Service, der den internationalen Servicestandards entspricht, mit einem L\u00e4cheln im Gesicht und unter Beachtung der Patientenrechte.<\/p>\n<p>Indem wir die Sicherheit von Patienten und Mitarbeitern in den Vordergrund stellen, patientenorientiert sind, die Menschenrechte respektieren, umweltbewusst handeln, die wissenschaftlichen und technologischen Entwicklungen in der Welt im Bereich der Gesundheit genau verfolgen und uns unserer sozialen Verantwortung mit unserer innovativen und kreativen Identit\u00e4t bewusst sind, bieten wir Patienten aus dem ganzen Land und dem Ausland Gesundheitsdienstleistungen auf h\u00f6chstem Niveau, in hoher Qualit\u00e4t und professionell.<\/p>\n<\/div><\/div><\/div><\/div><\/div><\/div><!-- cell_inner --><\/div><!-- cell --><\/div><!-- port --><\/section>","protected":false},"excerpt":{"rendered":"","protected":false},"author":9,"featured_media":0,"parent":0,"menu_order":14,"comment_status":"closed","ping_status":"closed","template":"","meta":{"footnotes":""},"class_list":["post-5081","page","type-page","status-publish","hentry"],"_links":{"self":[{"href":"https:\/\/dogaparkdis.com\/de\/wp-json\/wp\/v2\/pages\/5081","targetHints":{"allow":["GET"]}}],"collection":[{"href":"https:\/\/dogaparkdis.com\/de\/wp-json\/wp\/v2\/pages"}],"about":[{"href":"https:\/\/dogaparkdis.com\/de\/wp-json\/wp\/v2\/types\/page"}],"author":[{"embeddable":true,"href":"https:\/\/dogaparkdis.com\/de\/wp-json\/wp\/v2\/users\/9"}],"replies":[{"embeddable":true,"href":"https:\/\/dogaparkdis.com\/de\/wp-json\/wp\/v2\/comments?post=5081"}],"version-history":[{"count":2,"href":"https:\/\/dogaparkdis.com\/de\/wp-json\/wp\/v2\/pages\/5081\/revisions"}],"predecessor-version":[{"id":5083,"href":"https:\/\/dogaparkdis.com\/de\/wp-json\/wp\/v2\/pages\/5081\/revisions\/5083"}],"wp:attachment":[{"href":"https:\/\/dogaparkdis.com\/de\/wp-json\/wp\/v2\/media?parent=5081"}],"curies":[{"name":"wp","href":"https:\/\/api.w.org\/{rel}","templated":true}]}}